{"id":295,"date":"2024-01-08T07:46:41","date_gmt":"2024-01-08T07:46:41","guid":{"rendered":"https:\/\/recycling3k.rs\/?page_id=295"},"modified":"2025-04-08T08:05:11","modified_gmt":"2025-04-08T08:05:11","slug":"blog","status":"publish","type":"page","link":"https:\/\/recycling3k.rs\/index.php\/blog\/","title":{"rendered":"BLOG"},"content":{"rendered":"\n<div class=\"wp-block-group alignfull has-text-color has-background\" style=\"color:#ffffff;background-color:#000000;padding-top:100px;padding-right:100px;padding-bottom:100px;padding-left:100px\"><div class=\"wp-block-group__inner-container is-layout-flow wp-block-group-is-layout-flow\">\n<div class=\"wp-block-query is-layout-flow wp-block-query-is-layout-flow\"><ul class=\"wp-block-post-template is-layout-flow wp-block-post-template-is-layout-flow\"><li class=\"wp-block-post post-609 post type-post status-publish format-standard hentry category-blog tag-metalni-otpad tag-metalniotpad tag-reciklaza tag-sekundarne-sirovine\">\n\n<hr class=\"wp-block-separator has-text-color has-css-opacity has-background alignwide is-style-wide\" style=\"background-color:#ffffff;color:#ffffff\"\/>\n\n\n\n<div class=\"wp-block-columns alignwide are-vertically-aligned-center is-layout-flex wp-container-core-columns-is-layout-9d6595d7 wp-block-columns-is-layout-flex\">\n<div class=\"wp-block-column is-vertically-aligned-center is-layout-flow wp-block-column-is-layout-flow\" style=\"flex-basis:20%\"><div style=\"color:#ffffff;\" class=\"wp-block-post-date has-text-color has-extra-small-font-size\"><time datetime=\"2026-02-10T09:04:29+00:00\">10\/02\/2026<\/time><\/div><\/div>\n\n\n\n<div class=\"wp-block-column is-vertically-aligned-center is-layout-flow wp-block-column-is-layout-flow\" style=\"flex-basis:80%\"><h2 style=\"color:#ffffff; font-size:72px;line-height:1.1;\" class=\"wp-block-post-title has-text-color\"><a href=\"https:\/\/recycling3k.rs\/index.php\/2026\/02\/10\/upravljanje-otpadom-srbija-prilike-mogucnosti\/\" target=\"_self\" >Upravljanje otpadom u Srbiji: Prilike i mogu\u0107nosti<\/a><\/h2><\/div>\n<\/div>\n\n<\/li><li class=\"wp-block-post post-580 post type-post status-publish format-standard hentry category-blog tag-gvozdje tag-metalni-otpad tag-reciklaza tag-sekundarne-sirovine\">\n\n<hr class=\"wp-block-separator has-text-color has-css-opacity has-background alignwide is-style-wide\" style=\"background-color:#ffffff;color:#ffffff\"\/>\n\n\n\n<div class=\"wp-block-columns alignwide are-vertically-aligned-center is-layout-flex wp-container-core-columns-is-layout-9d6595d7 wp-block-columns-is-layout-flex\">\n<div class=\"wp-block-column is-vertically-aligned-center is-layout-flow wp-block-column-is-layout-flow\" style=\"flex-basis:20%\"><div style=\"color:#ffffff;\" class=\"wp-block-post-date has-text-color has-extra-small-font-size\"><time datetime=\"2026-01-09T07:50:46+00:00\">09\/01\/2026<\/time><\/div><\/div>\n\n\n\n<div class=\"wp-block-column is-vertically-aligned-center is-layout-flow wp-block-column-is-layout-flow\" style=\"flex-basis:80%\"><h2 style=\"color:#ffffff; font-size:72px;line-height:1.1;\" class=\"wp-block-post-title has-text-color\"><a href=\"https:\/\/recycling3k.rs\/index.php\/2026\/01\/09\/otpadno-gvozdje\/\" target=\"_self\" >Otkupna cena starog gvo\u017e\u0111a \u2013 \u0161ta uti\u010de na vrednost i kako dobiti najbolju ponudu<\/a><\/h2><\/div>\n<\/div>\n\n<\/li><li class=\"wp-block-post post-538 post type-post status-publish format-standard has-post-thumbnail hentry category-blog tag-metalni-otpad tag-reciklaza tag-sekundarne-sirovine\">\n\n<hr class=\"wp-block-separator has-text-color has-css-opacity has-background alignwide is-style-wide\" style=\"background-color:#ffffff;color:#ffffff\"\/>\n\n\n\n<div class=\"wp-block-columns alignwide are-vertically-aligned-center is-layout-flex wp-container-core-columns-is-layout-9d6595d7 wp-block-columns-is-layout-flex\">\n<div class=\"wp-block-column is-vertically-aligned-center is-layout-flow wp-block-column-is-layout-flow\" style=\"flex-basis:20%\"><div style=\"color:#ffffff;\" class=\"wp-block-post-date has-text-color has-extra-small-font-size\"><time datetime=\"2025-07-23T13:44:13+00:00\">23\/07\/2025<\/time><\/div><\/div>\n\n\n\n<div class=\"wp-block-column is-vertically-aligned-center is-layout-flow wp-block-column-is-layout-flow\" style=\"flex-basis:80%\"><h2 style=\"color:#ffffff; font-size:72px;line-height:1.1;\" class=\"wp-block-post-title has-text-color\"><a href=\"https:\/\/recycling3k.rs\/index.php\/2025\/07\/23\/cena-otkupa-starog-gvozdja\/\" target=\"_self\" >Cena otkupa starog gvo\u017e\u0111a: Za\u0161to varira i \u0161ta je oblikuje?<\/a><\/h2><\/div>\n<\/div>\n\n<\/li><\/ul><\/div>\n<\/div><\/div>\n\n\n\n<div class=\"wp-block-query is-layout-flow wp-block-query-is-layout-flow\"><ul class=\"wp-block-post-template is-layout-flow wp-block-post-template-is-layout-flow\"><li class=\"wp-block-post post-609 post type-post status-publish format-standard hentry category-blog tag-metalni-otpad tag-metalniotpad tag-reciklaza tag-sekundarne-sirovine\"><\/li><li class=\"wp-block-post post-580 post type-post status-publish format-standard hentry category-blog tag-gvozdje tag-metalni-otpad tag-reciklaza tag-sekundarne-sirovine\"><\/li><li class=\"wp-block-post post-538 post type-post status-publish format-standard has-post-thumbnail hentry category-blog tag-metalni-otpad tag-reciklaza tag-sekundarne-sirovine\"><\/li><\/ul><\/div>\n","protected":false},"excerpt":{"rendered":"","protected":false},"author":1,"featured_media":0,"parent":0,"menu_order":0,"comment_status":"closed","ping_status":"closed","template":"","meta":{"footnotes":""},"class_list":["post-295","page","type-page","status-publish","hentry"],"yoast_head":"<!-- This site is optimized with the Yoast SEO plugin v27.4 - https:\/\/yoast.com\/product\/yoast-seo-wordpress\/ -->\n<title>BLOG - Recycling 3K DOO<\/title>\n<meta name=\"robots\" content=\"index, follow, max-snippet:-1, max-image-preview:large, max-video-preview:-1\" \/>\n<link rel=\"canonical\" href=\"https:\/\/recycling3k.rs\/index.php\/blog\/\" \/>\n<meta property=\"og:locale\" content=\"sr_RS\" \/>\n<meta property=\"og:type\" content=\"article\" \/>\n<meta property=\"og:title\" content=\"BLOG - Recycling 3K DOO\" \/>\n<meta property=\"og:url\" content=\"https:\/\/recycling3k.rs\/index.php\/blog\/\" \/>\n<meta property=\"og:site_name\" content=\"Recycling 3K DOO\" \/>\n<meta property=\"article:publisher\" content=\"https:\/\/www.facebook.com\/recycling3k\" \/>\n<meta property=\"article:modified_time\" content=\"2025-04-08T08:05:11+00:00\" \/>\n<meta property=\"og:image\" content=\"https:\/\/recycling3k.rs\/wp-content\/uploads\/2022\/07\/LOGO-3K.jpg\" \/>\n\t<meta property=\"og:image:width\" content=\"504\" \/>\n\t<meta property=\"og:image:height\" content=\"369\" \/>\n\t<meta property=\"og:image:type\" content=\"image\/jpeg\" \/>\n<meta name=\"twitter:card\" content=\"summary_large_image\" \/>\n<script type=\"application\/ld+json\" class=\"yoast-schema-graph\">{\"@context\":\"https:\\\/\\\/schema.org\",\"@graph\":[{\"@type\":\"WebPage\",\"@id\":\"https:\\\/\\\/recycling3k.rs\\\/index.php\\\/blog\\\/\",\"url\":\"https:\\\/\\\/recycling3k.rs\\\/index.php\\\/blog\\\/\",\"name\":\"BLOG - Recycling 3K DOO\",\"isPartOf\":{\"@id\":\"https:\\\/\\\/recycling3k.rs\\\/#website\"},\"datePublished\":\"2024-01-08T07:46:41+00:00\",\"dateModified\":\"2025-04-08T08:05:11+00:00\",\"breadcrumb\":{\"@id\":\"https:\\\/\\\/recycling3k.rs\\\/index.php\\\/blog\\\/#breadcrumb\"},\"inLanguage\":\"sr-RS\",\"potentialAction\":[{\"@type\":\"ReadAction\",\"target\":[\"https:\\\/\\\/recycling3k.rs\\\/index.php\\\/blog\\\/\"]}]},{\"@type\":\"BreadcrumbList\",\"@id\":\"https:\\\/\\\/recycling3k.rs\\\/index.php\\\/blog\\\/#breadcrumb\",\"itemListElement\":[{\"@type\":\"ListItem\",\"position\":1,\"name\":\"Home\",\"item\":\"https:\\\/\\\/recycling3k.rs\\\/\"},{\"@type\":\"ListItem\",\"position\":2,\"name\":\"BLOG\"}]},{\"@type\":\"WebSite\",\"@id\":\"https:\\\/\\\/recycling3k.rs\\\/#website\",\"url\":\"https:\\\/\\\/recycling3k.rs\\\/\",\"name\":\"Recycling 3K DOO\",\"description\":\"Otkup i prodaja metalnog otpada\",\"publisher\":{\"@id\":\"https:\\\/\\\/recycling3k.rs\\\/#organization\"},\"potentialAction\":[{\"@type\":\"SearchAction\",\"target\":{\"@type\":\"EntryPoint\",\"urlTemplate\":\"https:\\\/\\\/recycling3k.rs\\\/?s={search_term_string}\"},\"query-input\":{\"@type\":\"PropertyValueSpecification\",\"valueRequired\":true,\"valueName\":\"search_term_string\"}}],\"inLanguage\":\"sr-RS\"},{\"@type\":\"Organization\",\"@id\":\"https:\\\/\\\/recycling3k.rs\\\/#organization\",\"name\":\"Recycling 3K doo Kragujevac\",\"url\":\"https:\\\/\\\/recycling3k.rs\\\/\",\"logo\":{\"@type\":\"ImageObject\",\"inLanguage\":\"sr-RS\",\"@id\":\"https:\\\/\\\/recycling3k.rs\\\/#\\\/schema\\\/logo\\\/image\\\/\",\"url\":\"https:\\\/\\\/recycling3k.rs\\\/wp-content\\\/uploads\\\/2025\\\/04\\\/cropped-Recycling-3K-logo-otkup-metala.png\",\"contentUrl\":\"https:\\\/\\\/recycling3k.rs\\\/wp-content\\\/uploads\\\/2025\\\/04\\\/cropped-Recycling-3K-logo-otkup-metala.png\",\"width\":407,\"height\":249,\"caption\":\"Recycling 3K doo Kragujevac\"},\"image\":{\"@id\":\"https:\\\/\\\/recycling3k.rs\\\/#\\\/schema\\\/logo\\\/image\\\/\"},\"sameAs\":[\"https:\\\/\\\/www.facebook.com\\\/recycling3k\",\"https:\\\/\\\/www.instagram.com\\\/recycling3k\"]}]}<\/script>\n<!-- \/ Yoast SEO plugin. -->","yoast_head_json":{"title":"BLOG - Recycling 3K DOO","robots":{"index":"index","follow":"follow","max-snippet":"max-snippet:-1","max-image-preview":"max-image-preview:large","max-video-preview":"max-video-preview:-1"},"canonical":"https:\/\/recycling3k.rs\/index.php\/blog\/","og_locale":"sr_RS","og_type":"article","og_title":"BLOG - Recycling 3K DOO","og_url":"https:\/\/recycling3k.rs\/index.php\/blog\/","og_site_name":"Recycling 3K DOO","article_publisher":"https:\/\/www.facebook.com\/recycling3k","article_modified_time":"2025-04-08T08:05:11+00:00","og_image":[{"width":504,"height":369,"url":"https:\/\/recycling3k.rs\/wp-content\/uploads\/2022\/07\/LOGO-3K.jpg","type":"image\/jpeg"}],"twitter_card":"summary_large_image","schema":{"@context":"https:\/\/schema.org","@graph":[{"@type":"WebPage","@id":"https:\/\/recycling3k.rs\/index.php\/blog\/","url":"https:\/\/recycling3k.rs\/index.php\/blog\/","name":"BLOG - Recycling 3K DOO","isPartOf":{"@id":"https:\/\/recycling3k.rs\/#website"},"datePublished":"2024-01-08T07:46:41+00:00","dateModified":"2025-04-08T08:05:11+00:00","breadcrumb":{"@id":"https:\/\/recycling3k.rs\/index.php\/blog\/#breadcrumb"},"inLanguage":"sr-RS","potentialAction":[{"@type":"ReadAction","target":["https:\/\/recycling3k.rs\/index.php\/blog\/"]}]},{"@type":"BreadcrumbList","@id":"https:\/\/recycling3k.rs\/index.php\/blog\/#breadcrumb","itemListElement":[{"@type":"ListItem","position":1,"name":"Home","item":"https:\/\/recycling3k.rs\/"},{"@type":"ListItem","position":2,"name":"BLOG"}]},{"@type":"WebSite","@id":"https:\/\/recycling3k.rs\/#website","url":"https:\/\/recycling3k.rs\/","name":"Recycling 3K DOO","description":"Otkup i prodaja metalnog otpada","publisher":{"@id":"https:\/\/recycling3k.rs\/#organization"},"potentialAction":[{"@type":"SearchAction","target":{"@type":"EntryPoint","urlTemplate":"https:\/\/recycling3k.rs\/?s={search_term_string}"},"query-input":{"@type":"PropertyValueSpecification","valueRequired":true,"valueName":"search_term_string"}}],"inLanguage":"sr-RS"},{"@type":"Organization","@id":"https:\/\/recycling3k.rs\/#organization","name":"Recycling 3K doo Kragujevac","url":"https:\/\/recycling3k.rs\/","logo":{"@type":"ImageObject","inLanguage":"sr-RS","@id":"https:\/\/recycling3k.rs\/#\/schema\/logo\/image\/","url":"https:\/\/recycling3k.rs\/wp-content\/uploads\/2025\/04\/cropped-Recycling-3K-logo-otkup-metala.png","contentUrl":"https:\/\/recycling3k.rs\/wp-content\/uploads\/2025\/04\/cropped-Recycling-3K-logo-otkup-metala.png","width":407,"height":249,"caption":"Recycling 3K doo Kragujevac"},"image":{"@id":"https:\/\/recycling3k.rs\/#\/schema\/logo\/image\/"},"sameAs":["https:\/\/www.facebook.com\/recycling3k","https:\/\/www.instagram.com\/recycling3k"]}]}},"_links":{"self":[{"href":"https:\/\/recycling3k.rs\/index.php\/wp-json\/wp\/v2\/pages\/295","targetHints":{"allow":["GET"]}}],"collection":[{"href":"https:\/\/recycling3k.rs\/index.php\/wp-json\/wp\/v2\/pages"}],"about":[{"href":"https:\/\/recycling3k.rs\/index.php\/wp-json\/wp\/v2\/types\/page"}],"author":[{"embeddable":true,"href":"https:\/\/recycling3k.rs\/index.php\/wp-json\/wp\/v2\/users\/1"}],"replies":[{"embeddable":true,"href":"https:\/\/recycling3k.rs\/index.php\/wp-json\/wp\/v2\/comments?post=295"}],"version-history":[{"count":2,"href":"https:\/\/recycling3k.rs\/index.php\/wp-json\/wp\/v2\/pages\/295\/revisions"}],"predecessor-version":[{"id":488,"href":"https:\/\/recycling3k.rs\/index.php\/wp-json\/wp\/v2\/pages\/295\/revisions\/488"}],"wp:attachment":[{"href":"https:\/\/recycling3k.rs\/index.php\/wp-json\/wp\/v2\/media?parent=295"}],"curies":[{"name":"wp","href":"https:\/\/api.w.org\/{rel}","templated":true}]}}