{"id":3,"date":"2022-04-18T21:00:59","date_gmt":"2022-04-18T21:00:59","guid":{"rendered":"https:\/\/recycling3k.rs\/?page_id=3"},"modified":"2022-11-24T14:20:18","modified_gmt":"2022-11-24T14:20:18","slug":"privacy-policy","status":"publish","type":"page","link":"https:\/\/recycling3k.rs\/index.php\/privacy-policy\/","title":{"rendered":"Politika Privatnosti"},"content":{"rendered":"\n<h2 class=\"wp-block-heading\">Ko smo mi<\/h2>\n\n\n\n<p>Kompanija Recycling 3K DOO je operater za otkup, tretman i skladi\u0161tenje neopasnog otpada. Tema na\u0161eg sajta je otkup i prodaja sekundarnih sirovina. Na\u0161 sadr\u017eaj slu\u017ei da uputi posetioce sajta na mnoge pojedinosti vezane za recikla\u017eu metalnog otpada sa posebnim akcentom na poslovanje firme Recycling 3K DOO.<\/p>\n\n\n\n<h2 class=\"wp-block-heading\">Komentari<\/h2>\n\n\n\n<pre id=\"tw-target-rmn\" class=\"wp-block-preformatted\">Kada posetioci ostavljaju komentare na sajtu, prikupljamo podatke prikazane u obrascu za komentare, kao i IP adresu posetioca i string korisni\u010dkog agenta pretra\u017eiva\u010da da bismo pomogli u otkrivanju ne\u017eeljene po\u0161te.<\/pre>\n\n\n\n<pre id=\"tw-target-rmn\" class=\"wp-block-preformatted\">Anonimizovani string kreiran od va\u0161e adrese e-po\u0161te (koji se naziva i he\u0161) mo\u017ee biti dostavljen Gravatar servisu da se vidi da li ga koristite. Politika privatnosti usluge Gravatar dostupna je ovde: https:\/\/automattic.com\/privaci\/. Nakon odobrenja va\u0161eg komentara, va\u0161a slika profila je vidljiva javnosti u kontekstu va\u0161eg komentara.<\/pre>\n\n\n\n<h2 class=\"wp-block-heading\">Multimedijalni sadr\u017eaj<\/h2>\n\n\n\n<pre id=\"tw-target-rmn\" class=\"wp-block-preformatted\">Ako otpremate slike na veb lokaciju, trebalo bi da izbegavate otpremanje slika sa uklju\u010denim podacima o lokaciji (EKSIF GPS). Posetioci veb lokacije mogu da preuzmu i izvuku bilo koje podatke o lokaciji iz slika na veb lokaciji.<\/pre>\n\n\n\n<h2 class=\"wp-block-heading\">Kola\u010di\u0107i<\/h2>\n\n\n\n<pre id=\"tw-target-rmn\" class=\"wp-block-preformatted\">Ako ostavite komentar na na\u0161em sajtu, mo\u017eete se odlu\u010diti za \u010duvanje va\u0161eg imena, adrese e-po\u0161te i veb lokacije u kola\u010di\u0107ima. Ovo su radi va\u0161e pogodnosti, tako da ne morate ponovo da popunjavate svoje podatke kada ostavljate drugi komentar. Ovi kola\u010di\u0107i \u0107e trajati godinu dana<\/pre>\n\n\n\n<pre id=\"tw-target-rmn\" class=\"wp-block-preformatted\">Ako posetite na\u0161u stranicu za prijavu, postavi\u0107emo privremeni kola\u010di\u0107 da bismo utvrdili da li va\u0161 pretra\u017eiva\u010d prihvata kola\u010di\u0107e. Ovaj kola\u010di\u0107 ne sadr\u017ei li\u010dne podatke i odbacuje se kada zatvorite pregleda\u010d.<\/pre>\n\n\n\n<pre id=\"tw-target-rmn\" class=\"wp-block-preformatted\">Kada se prijavite, tako\u0111e \u0107emo postaviti nekoliko kola\u010di\u0107a da bismo sa\u010duvali va\u0161e podatke za prijavu i izbor prikaza na ekranu. Kola\u010di\u0107i za prijavu traju dva dana, a kola\u010di\u0107i sa opcijama ekrana traju godinu dana. Ako izaberete \u201eZapamti me\u201c, va\u0161a prijava \u0107e trajati dve nedelje. Ako se odjavite sa svog naloga, kola\u010di\u0107i za prijavu \u0107e biti uklonjeni.<\/pre>\n\n\n\n<pre id=\"tw-target-rmn\" class=\"wp-block-preformatted\">Ako izmenite ili objavite \u010dlanak, dodatni kola\u010di\u0107 \u0107e biti sa\u010duvan u va\u0161em pregleda\u010du. Ovaj kola\u010di\u0107 ne uklju\u010duje li\u010dne podatke i jednostavno ukazuje na ID posta \u010dlanka koji ste upravo uredili. Isti\u010de za 1 dan.<\/pre>\n\n\n\n<h2 class=\"wp-block-heading\">Ugra\u0111eni sadr\u017eaj sa drugih veb lokacija<\/h2>\n\n\n\n<pre id=\"tw-target-rmn\" class=\"wp-block-preformatted\">\u010clanci na ovom sajtu mogu da sadr\u017ee ugra\u0111eni sadr\u017eaj (npr. video snimke, slike, \u010dlanke itd.). Ugra\u0111eni sadr\u017eaj sa drugih veb lokacija pona\u0161a se na potpuno isti na\u010din kao da je posetilac posetio drugu veb lokaciju.\n\nOvi veb-sajtovi mogu da prikupljaju podatke o vama, koriste kola\u010di\u0107e, ugra\u0111uju dodatno pra\u0107enje tre\u0107e strane i nadgledaju va\u0161u interakciju sa tim ugra\u0111enim sadr\u017eajem, uklju\u010duju\u0107i pra\u0107enje va\u0161e interakcije sa ugra\u0111enim sadr\u017eajem ako imate nalog i prijavljeni ste na tu veb lokaciju .<\/pre>\n\n\n\n<h2 class=\"wp-block-heading\">Sa kime delimo Va\u0161e podatke<\/h2>\n\n\n\n<pre id=\"tw-target-rmn\" class=\"wp-block-preformatted\">Ako zatra\u017eite resetovanje lozinke, va\u0161a IP adresa \u0107e biti uklju\u010dena u imejl za resetovanje.<\/pre>\n\n\n\n<h2 class=\"wp-block-heading\">Koliko dugo \u010duvamo Va\u0161e podatke<\/h2>\n\n\n\n<pre id=\"tw-target-rmn\" class=\"wp-block-preformatted\">Ako ostavite komentar, komentar i njegovi metapodaci se zadr\u017eavaju neograni\u010deno. Ovo je da bismo mogli automatski da prepoznamo i odobrimo sve naknadne komentare umesto da ih dr\u017eimo u redu za moderiranje.<\/pre>\n\n\n\n<pre id=\"tw-target-rmn\" class=\"wp-block-preformatted\">Za korisnike koji se registruju na na\u0161oj veb stranici (ako ih ima), tako\u0111e \u010duvamo li\u010dne podatke koje oni daju u svom korisni\u010dkom profilu. Svi korisnici mogu da vide, izmene ili izbri\u0161u svoje li\u010dne podatke u bilo kom trenutku (osim \u0161to ne mogu da promene svoje korisni\u010dko ime). Administratori veb lokacija tako\u0111e mogu da vide i izmene te informacije.<\/pre>\n\n\n\n<h2 class=\"wp-block-heading\">Prava koja zadr\u017eavate na Va\u0161e podatke<\/h2>\n\n\n\n<pre id=\"tw-target-rmn\" class=\"wp-block-preformatted\">Ako imate nalog na ovom sajtu ili ste ostavili komentare, mo\u017eete zatra\u017eiti da dobijete izvezenu datoteku li\u010dnih podataka koje \u010duvamo o vama, uklju\u010duju\u0107i sve podatke koje ste nam dostavili. Tako\u0111e mo\u017eete zahtevati da izbri\u0161emo sve li\u010dne podatke koje imamo o vama. Ovo ne uklju\u010duje podatke koje smo u obavezi da \u010duvamo u administrativne, pravne ili bezbednosne svrhe.<\/pre>\n\n\n\n<h2 class=\"wp-block-heading\">\u0160ta radimo sa Va\u0161im podacima<\/h2>\n\n\n\n<pre id=\"tw-target-rmn\" class=\"wp-block-preformatted\">Komentari posetilaca se mogu proveriti putem automatizovane usluge otkrivanja ne\u017eeljene po\u0161te.<\/pre>\n","protected":false},"excerpt":{"rendered":"<p>Ko smo mi Kompanija Recycling 3K DOO je operater za otkup, tretman i skladi\u0161tenje neopasnog otpada. Tema na\u0161eg sajta je otkup i prodaja sekundarnih sirovina. Na\u0161 sadr\u017eaj slu\u017ei da uputi posetioce sajta na mnoge pojedinosti vezane za recikla\u017eu metalnog otpada sa posebnim akcentom na poslovanje firme Recycling 3K DOO. Komentari Kada posetioci ostavljaju komentare na [&hellip;]<\/p>\n","protected":false},"author":1,"featured_media":0,"parent":0,"menu_order":0,"comment_status":"closed","ping_status":"closed","template":"","meta":{"footnotes":""},"class_list":["post-3","page","type-page","status-publish","hentry"],"yoast_head":"<!-- This site is optimized with the Yoast SEO plugin v27.4 - https:\/\/yoast.com\/product\/yoast-seo-wordpress\/ -->\n<title>Politika Privatnosti - Recycling 3K DOO<\/title>\n<meta name=\"robots\" content=\"index, follow, max-snippet:-1, max-image-preview:large, max-video-preview:-1\" \/>\n<link rel=\"canonical\" href=\"https:\/\/recycling3k.rs\/index.php\/privacy-policy\/\" \/>\n<meta property=\"og:locale\" content=\"sr_RS\" \/>\n<meta property=\"og:type\" content=\"article\" \/>\n<meta property=\"og:title\" content=\"Politika Privatnosti - Recycling 3K DOO\" \/>\n<meta property=\"og:description\" content=\"Ko smo mi Kompanija Recycling 3K DOO je operater za otkup, tretman i skladi\u0161tenje neopasnog otpada. Tema na\u0161eg sajta je otkup i prodaja sekundarnih sirovina. Na\u0161 sadr\u017eaj slu\u017ei da uputi posetioce sajta na mnoge pojedinosti vezane za recikla\u017eu metalnog otpada sa posebnim akcentom na poslovanje firme Recycling 3K DOO. Komentari Kada posetioci ostavljaju komentare na [&hellip;]\" \/>\n<meta property=\"og:url\" content=\"https:\/\/recycling3k.rs\/index.php\/privacy-policy\/\" \/>\n<meta property=\"og:site_name\" content=\"Recycling 3K DOO\" \/>\n<meta property=\"article:publisher\" content=\"https:\/\/www.facebook.com\/recycling3k\" \/>\n<meta property=\"article:modified_time\" content=\"2022-11-24T14:20:18+00:00\" \/>\n<meta property=\"og:image\" content=\"https:\/\/recycling3k.rs\/wp-content\/uploads\/2022\/07\/LOGO-3K.jpg\" \/>\n\t<meta property=\"og:image:width\" content=\"504\" \/>\n\t<meta property=\"og:image:height\" content=\"369\" \/>\n\t<meta property=\"og:image:type\" content=\"image\/jpeg\" \/>\n<meta name=\"twitter:card\" content=\"summary_large_image\" \/>\n<meta name=\"twitter:label1\" content=\"\u041f\u0440\u043e\u0446\u0435\u045a\u0435\u043d\u043e \u0432\u0440\u0435\u043c\u0435 \u0447\u0438\u0442\u0430\u045a\u0430\" \/>\n\t<meta name=\"twitter:data1\" content=\"3 \u043c\u0438\u043d\u0443\u0442\u0430\" \/>\n<script type=\"application\/ld+json\" class=\"yoast-schema-graph\">{\"@context\":\"https:\\\/\\\/schema.org\",\"@graph\":[{\"@type\":\"WebPage\",\"@id\":\"https:\\\/\\\/recycling3k.rs\\\/index.php\\\/privacy-policy\\\/\",\"url\":\"https:\\\/\\\/recycling3k.rs\\\/index.php\\\/privacy-policy\\\/\",\"name\":\"Politika Privatnosti - Recycling 3K DOO\",\"isPartOf\":{\"@id\":\"https:\\\/\\\/recycling3k.rs\\\/#website\"},\"datePublished\":\"2022-04-18T21:00:59+00:00\",\"dateModified\":\"2022-11-24T14:20:18+00:00\",\"breadcrumb\":{\"@id\":\"https:\\\/\\\/recycling3k.rs\\\/index.php\\\/privacy-policy\\\/#breadcrumb\"},\"inLanguage\":\"sr-RS\",\"potentialAction\":[{\"@type\":\"ReadAction\",\"target\":[\"https:\\\/\\\/recycling3k.rs\\\/index.php\\\/privacy-policy\\\/\"]}]},{\"@type\":\"BreadcrumbList\",\"@id\":\"https:\\\/\\\/recycling3k.rs\\\/index.php\\\/privacy-policy\\\/#breadcrumb\",\"itemListElement\":[{\"@type\":\"ListItem\",\"position\":1,\"name\":\"Home\",\"item\":\"https:\\\/\\\/recycling3k.rs\\\/\"},{\"@type\":\"ListItem\",\"position\":2,\"name\":\"Politika Privatnosti\"}]},{\"@type\":\"WebSite\",\"@id\":\"https:\\\/\\\/recycling3k.rs\\\/#website\",\"url\":\"https:\\\/\\\/recycling3k.rs\\\/\",\"name\":\"Recycling 3K DOO\",\"description\":\"Otkup i prodaja metalnog otpada\",\"publisher\":{\"@id\":\"https:\\\/\\\/recycling3k.rs\\\/#organization\"},\"potentialAction\":[{\"@type\":\"SearchAction\",\"target\":{\"@type\":\"EntryPoint\",\"urlTemplate\":\"https:\\\/\\\/recycling3k.rs\\\/?s={search_term_string}\"},\"query-input\":{\"@type\":\"PropertyValueSpecification\",\"valueRequired\":true,\"valueName\":\"search_term_string\"}}],\"inLanguage\":\"sr-RS\"},{\"@type\":\"Organization\",\"@id\":\"https:\\\/\\\/recycling3k.rs\\\/#organization\",\"name\":\"Recycling 3K doo Kragujevac\",\"url\":\"https:\\\/\\\/recycling3k.rs\\\/\",\"logo\":{\"@type\":\"ImageObject\",\"inLanguage\":\"sr-RS\",\"@id\":\"https:\\\/\\\/recycling3k.rs\\\/#\\\/schema\\\/logo\\\/image\\\/\",\"url\":\"https:\\\/\\\/recycling3k.rs\\\/wp-content\\\/uploads\\\/2025\\\/04\\\/cropped-Recycling-3K-logo-otkup-metala.png\",\"contentUrl\":\"https:\\\/\\\/recycling3k.rs\\\/wp-content\\\/uploads\\\/2025\\\/04\\\/cropped-Recycling-3K-logo-otkup-metala.png\",\"width\":407,\"height\":249,\"caption\":\"Recycling 3K doo Kragujevac\"},\"image\":{\"@id\":\"https:\\\/\\\/recycling3k.rs\\\/#\\\/schema\\\/logo\\\/image\\\/\"},\"sameAs\":[\"https:\\\/\\\/www.facebook.com\\\/recycling3k\",\"https:\\\/\\\/www.instagram.com\\\/recycling3k\"]}]}<\/script>\n<!-- \/ Yoast SEO plugin. -->","yoast_head_json":{"title":"Politika Privatnosti - Recycling 3K DOO","robots":{"index":"index","follow":"follow","max-snippet":"max-snippet:-1","max-image-preview":"max-image-preview:large","max-video-preview":"max-video-preview:-1"},"canonical":"https:\/\/recycling3k.rs\/index.php\/privacy-policy\/","og_locale":"sr_RS","og_type":"article","og_title":"Politika Privatnosti - Recycling 3K DOO","og_description":"Ko smo mi Kompanija Recycling 3K DOO je operater za otkup, tretman i skladi\u0161tenje neopasnog otpada. Tema na\u0161eg sajta je otkup i prodaja sekundarnih sirovina. Na\u0161 sadr\u017eaj slu\u017ei da uputi posetioce sajta na mnoge pojedinosti vezane za recikla\u017eu metalnog otpada sa posebnim akcentom na poslovanje firme Recycling 3K DOO. Komentari Kada posetioci ostavljaju komentare na [&hellip;]","og_url":"https:\/\/recycling3k.rs\/index.php\/privacy-policy\/","og_site_name":"Recycling 3K DOO","article_publisher":"https:\/\/www.facebook.com\/recycling3k","article_modified_time":"2022-11-24T14:20:18+00:00","og_image":[{"width":504,"height":369,"url":"https:\/\/recycling3k.rs\/wp-content\/uploads\/2022\/07\/LOGO-3K.jpg","type":"image\/jpeg"}],"twitter_card":"summary_large_image","twitter_misc":{"\u041f\u0440\u043e\u0446\u0435\u045a\u0435\u043d\u043e \u0432\u0440\u0435\u043c\u0435 \u0447\u0438\u0442\u0430\u045a\u0430":"3 \u043c\u0438\u043d\u0443\u0442\u0430"},"schema":{"@context":"https:\/\/schema.org","@graph":[{"@type":"WebPage","@id":"https:\/\/recycling3k.rs\/index.php\/privacy-policy\/","url":"https:\/\/recycling3k.rs\/index.php\/privacy-policy\/","name":"Politika Privatnosti - Recycling 3K DOO","isPartOf":{"@id":"https:\/\/recycling3k.rs\/#website"},"datePublished":"2022-04-18T21:00:59+00:00","dateModified":"2022-11-24T14:20:18+00:00","breadcrumb":{"@id":"https:\/\/recycling3k.rs\/index.php\/privacy-policy\/#breadcrumb"},"inLanguage":"sr-RS","potentialAction":[{"@type":"ReadAction","target":["https:\/\/recycling3k.rs\/index.php\/privacy-policy\/"]}]},{"@type":"BreadcrumbList","@id":"https:\/\/recycling3k.rs\/index.php\/privacy-policy\/#breadcrumb","itemListElement":[{"@type":"ListItem","position":1,"name":"Home","item":"https:\/\/recycling3k.rs\/"},{"@type":"ListItem","position":2,"name":"Politika Privatnosti"}]},{"@type":"WebSite","@id":"https:\/\/recycling3k.rs\/#website","url":"https:\/\/recycling3k.rs\/","name":"Recycling 3K DOO","description":"Otkup i prodaja metalnog otpada","publisher":{"@id":"https:\/\/recycling3k.rs\/#organization"},"potentialAction":[{"@type":"SearchAction","target":{"@type":"EntryPoint","urlTemplate":"https:\/\/recycling3k.rs\/?s={search_term_string}"},"query-input":{"@type":"PropertyValueSpecification","valueRequired":true,"valueName":"search_term_string"}}],"inLanguage":"sr-RS"},{"@type":"Organization","@id":"https:\/\/recycling3k.rs\/#organization","name":"Recycling 3K doo Kragujevac","url":"https:\/\/recycling3k.rs\/","logo":{"@type":"ImageObject","inLanguage":"sr-RS","@id":"https:\/\/recycling3k.rs\/#\/schema\/logo\/image\/","url":"https:\/\/recycling3k.rs\/wp-content\/uploads\/2025\/04\/cropped-Recycling-3K-logo-otkup-metala.png","contentUrl":"https:\/\/recycling3k.rs\/wp-content\/uploads\/2025\/04\/cropped-Recycling-3K-logo-otkup-metala.png","width":407,"height":249,"caption":"Recycling 3K doo Kragujevac"},"image":{"@id":"https:\/\/recycling3k.rs\/#\/schema\/logo\/image\/"},"sameAs":["https:\/\/www.facebook.com\/recycling3k","https:\/\/www.instagram.com\/recycling3k"]}]}},"_links":{"self":[{"href":"https:\/\/recycling3k.rs\/index.php\/wp-json\/wp\/v2\/pages\/3","targetHints":{"allow":["GET"]}}],"collection":[{"href":"https:\/\/recycling3k.rs\/index.php\/wp-json\/wp\/v2\/pages"}],"about":[{"href":"https:\/\/recycling3k.rs\/index.php\/wp-json\/wp\/v2\/types\/page"}],"author":[{"embeddable":true,"href":"https:\/\/recycling3k.rs\/index.php\/wp-json\/wp\/v2\/users\/1"}],"replies":[{"embeddable":true,"href":"https:\/\/recycling3k.rs\/index.php\/wp-json\/wp\/v2\/comments?post=3"}],"version-history":[{"count":4,"href":"https:\/\/recycling3k.rs\/index.php\/wp-json\/wp\/v2\/pages\/3\/revisions"}],"predecessor-version":[{"id":121,"href":"https:\/\/recycling3k.rs\/index.php\/wp-json\/wp\/v2\/pages\/3\/revisions\/121"}],"wp:attachment":[{"href":"https:\/\/recycling3k.rs\/index.php\/wp-json\/wp\/v2\/media?parent=3"}],"curies":[{"name":"wp","href":"https:\/\/api.w.org\/{rel}","templated":true}]}}