{"id":52,"date":"2022-11-01T09:33:06","date_gmt":"2022-11-01T09:33:06","guid":{"rendered":"https:\/\/recycling3k.rs\/?page_id=52"},"modified":"2025-04-09T07:55:07","modified_gmt":"2025-04-09T07:55:07","slug":"metalni-otpad-koji-sakupljamo","status":"publish","type":"page","link":"https:\/\/recycling3k.rs\/index.php\/metalni-otpad-koji-sakupljamo\/","title":{"rendered":"Metalni otpad koji sakupljamo"},"content":{"rendered":"\t\t<div data-elementor-type=\"wp-page\" data-elementor-id=\"52\" class=\"elementor elementor-52\">\n\t\t\t\t\t\t<section class=\"elementor-section elementor-top-section elementor-element elementor-element-2ff4bc0d elementor-section-boxed elementor-section-height-default elementor-section-height-default\" data-id=\"2ff4bc0d\" data-element_type=\"section\" data-e-type=\"section\" data-settings=\"{&quot;background_background&quot;:&quot;gradient&quot;}\">\n\t\t\t\t\t\t<div class=\"elementor-container elementor-column-gap-default\">\n\t\t\t\t\t<div class=\"elementor-column elementor-col-100 elementor-top-column elementor-element elementor-element-4dc806e0\" data-id=\"4dc806e0\" data-element_type=\"column\" data-e-type=\"column\">\n\t\t\t<div class=\"elementor-widget-wrap elementor-element-populated\">\n\t\t\t\t\t\t<div class=\"elementor-element elementor-element-efc36c6 elementor-widget elementor-widget-text-editor\" data-id=\"efc36c6\" data-element_type=\"widget\" data-e-type=\"widget\" data-widget_type=\"text-editor.default\">\n\t\t\t\t<div class=\"elementor-widget-container\">\n\t\t\t\t\t\t\t\t\t<p><span style=\"color: #060606;\">Kompanija Recycling 3K DOO Kragujevac vr\u0161i otkup metalnog otpada iz doma\u0107instva, privrede i industrije. Otkup vr\u0161imo u na\u0161em otkupnom centru u Mar\u0161i\u0107u, Kormanski put 27 i dolaskom na adresu. Kod nas je u svakom trenutku najbolja cena bakra, aluminijuma, i gvo\u017e\u0111a. Posedujemo <a href=\"https:\/\/www.ekologija.gov.rs\/dozvole-obrasci\/upravljanje-otpadom\">republi\u010dke dozvole<\/a> za sakupljanje i transport, kao i za\u00a0<\/span>skladi\u0161tenje i tretman neopasnog otpada\u00a0<span style=\"color: #060606;\">u koji se svrstava i metalni otpad. Postoje razli\u010dite vrste metalnog otpada i za svaku od njih postoji posebna vrsta tretmana i cene otkupa. Da biste bili sigurni u to koju vrstu otpada posedujete i kakvu isplatu mo\u017eete da o\u010dekujete dobro je da znate osnovne karakteristike odre\u0111enih metala i njihovu primenu.<\/span><\/p>\t\t\t\t\t\t\t\t<\/div>\n\t\t\t\t<\/div>\n\t\t\t\t<div class=\"elementor-element elementor-element-2c01ff5 elementor-widget elementor-widget-image\" data-id=\"2c01ff5\" data-element_type=\"widget\" data-e-type=\"widget\" data-widget_type=\"image.default\">\n\t\t\t\t<div class=\"elementor-widget-container\">\n\t\t\t\t\t\t\t\t\t\t\t\t\t\t\t<img decoding=\"async\" src=\"https:\/\/recycling3k.rs\/wp-content\/uploads\/2022\/12\/metalni-otpad.png\" title=\"Cena otpada\" alt=\"metalni otpad koji otkupljuje Recycling 3k ISO 14001 aluminijumske limenke I CENA OTPADA\" loading=\"lazy\" \/>\t\t\t\t\t\t\t\t\t\t\t\t\t\t\t<\/div>\n\t\t\t\t<\/div>\n\t\t\t\t<div class=\"elementor-element elementor-element-152bf96a elementor-widget elementor-widget-text-editor\" data-id=\"152bf96a\" data-element_type=\"widget\" data-e-type=\"widget\" data-widget_type=\"text-editor.default\">\n\t\t\t\t<div class=\"elementor-widget-container\">\n\t\t\t\t\t\t\t\t\t<p><span style=\"color: #1d2b09; font-family: 'Be Vietnam Pro', sans-serif; font-size: 1.75rem; font-weight: 600;\">Metalni otpad iz doma\u0107instva i privrede<\/span><\/p>\n<p><!-- \/wp:heading --><\/p>\n<p><!-- wp:paragraph --><\/p>\n<p>Metalni otpad iz doma\u0107instva \u010dine sitni ku\u0107ni aparati, bela tehnika, odba\u010deni delovi starog name\u0161taja, zanatski ili poljoprivredni alati. Naj\u010de\u0161\u0107i metalni otpad iz doma\u0107instva \u010dine materijali poput otpadnog gvo\u017e\u0111a, lima, prohroma, mesinga, bakra i aluminijuma. \u0160to se ti\u010de privrednih subjekata, to je metalni otpad koji nastaje iz proizvodnje ili rashodovanjem sredstava za rad.<\/p>\n<p><!-- \/wp:paragraph --><\/p>\n<p><!-- wp:heading {\"level\":3} --><\/p>\n<h3>Otpadno Gvo\u017e\u0111e<\/h3>\n<p><!-- \/wp:heading --><\/p>\n<p><!-- wp:paragraph --><\/p>\n<p>Najzastupljeniji metal sa preko 95 procenata masenog udela u industriji. Odlikuje ga magnetno svojstvo, pa se gvo\u017e\u0111e od drugih metala lako odvaja kori\u0161\u0107enjem magneta. U svom elementarnom stanju, gvo\u017e\u0111e je srebrnobele boje a otpadno gvo\u017e\u0111e je \u010desto obavijeno crvenkastim slojem r\u0111e. Koristi se u automobilskoj industriji, brodogradnji, gra\u0111evini i nizu drugih industrija. Prilikom otkupa, va\u017eno je obratiti pa\u017enju na to da su cene punog gvo\u017e\u0111a i gvozdenog lima razli\u010dite.<\/p>\n<p><!-- \/wp:paragraph --><\/p>\n<p><!-- wp:heading {\"level\":3} --><\/p>\n<h3>Bakarni otpad<\/h3>\n<p><!-- \/wp:heading --><\/p>\n<p><!-- wp:paragraph --><\/p>\n<p>Metal crvenkaste boje, relativno mekan i visoke gustine zbog \u010dega su delovi od bakra prili\u010dno te\u0161ki. Bakar ima slaba magnetna svojstva pa ga zato magnet ne privla\u010di. Naj\u010de\u0161\u0107e se koristi u elektroindustriji pa bakarni otpad mo\u017eemo dobiti iz elektroinstalacija i razli\u010ditih elektronskih ure\u0111aja od \u010dega i zavisi cena bakra. Osim u elektroindustriji, u doma\u0107instvu se bakarni otpad mo\u017ee na\u0107i u vidu starih cevi za parno grejanje i oluka.<\/p>\n<p><!-- \/wp:paragraph --><\/p>\n<p><!-- wp:heading {\"level\":3} --><\/p>\n<h3>Aluminijumski otpad<\/h3>\n<p><!-- \/wp:heading --><\/p>\n<p><!-- wp:paragraph --><\/p>\n<p>Ovaj metal \u010dini 6 procenata na\u0161e planete. Ono \u0161to izdvaja aluminijum od drugih obojenih metala je mogu\u0107nost da se reciklira beskona\u010dni broj puta. Zbog svojih zahvalnih recikla\u017enih svojstava, aluminijum se sve manje eksploati\u0161e iz zemlje. Koristi se u elektro i automobilskoj industriji, te se upravo iz tih oblasti naj\u010de\u0161ce i pribavlja aluminijumski otpad. Cena otpadnog aluminijuma zavisi od kvaliteta odnosno od primesa koje sadr\u017ei aluminijumski otpad koji donesete. Aluminijum je srebrnkaste boje, izuzetno lagan i mekan pa se za poja\u010davanja tehni\u010dkih osobina materijala koriste razne primese poput magnezijuma.<\/p>\n<p><!-- \/wp:paragraph --><\/p>\n<p><!-- wp:heading {\"level\":3} --><\/p>\n<h3>Mesingani otpad<\/h3>\n<p><!-- \/wp:heading --><\/p>\n<p><!-- wp:paragraph --><\/p>\n<p>Kao legura bakra i cinka, mesing je metal \u017eute boje koji je izuzetno otporan na koroziju i nisko trenje. Zbog svojih karakteristika, mesing se koristi u elektrotehnici, kao konstruktivni i ukrasni materijal. U doma\u0107instvima se mesing mo\u017ee na\u0107i u vidu brava, \u0161arki, ventila, vodovodnih elemenata, i razli\u010ditih ukrasa. U vojnoj industriji, mesing se koristi za izradu ku\u0107i\u0161ta za municiju a u muzi\u010dkoj industriji se koristi za izradu instrumenata i njihovu dekoraciju. Cena mesinga zavisi od njegove \u010disto\u0107e, zbog \u010dega je jako bitno da razvrstavate otpad pravilno.<\/p>\n<p><!-- \/wp:paragraph --><\/p>\n<p><!-- wp:heading {\"level\":3} --><\/p>\n<h3>Ostali metalni otpad i sekundarne sirovine od drugih materijala<\/h3>\n<p><!-- \/wp:heading --><\/p>\n<p><!-- wp:paragraph --><\/p>\n<p>Pored ovih, na\u0161a firma poseduje dozvole koje omogu\u0107avaju otkup, transport i skladi\u0161tenje otpadnog olova, cinka, prohroma, bronze kao i sekundarnih sirovina nemetalnog porekla. Ukoliko niste sigurni kome mo\u017eete predati metalni otpad iz Va\u0161e firme ili doma\u0107instva, slobodno nas <a href=\"https:\/\/recycling3k.rs\/index.php\/kontakt\/\">kontaktirajte<\/a> i mi \u0107emo Vam pru\u017eiti sve neophodne informacije. Zapamtite da cene sekundarnih sirovina zavise od njihovog kvaliteta. Pravilnim razvrstavanjem otpada \u010duvate \u017eivotnu sredinu i uve\u0107avate svoju zaradu od prodaje sekundarnih sirovina.<\/p>\n<p><!-- \/wp:paragraph --><\/p>\t\t\t\t\t\t\t\t<\/div>\n\t\t\t\t<\/div>\n\t\t\t\t\t<\/div>\n\t\t<\/div>\n\t\t\t\t\t<\/div>\n\t\t<\/section>\n\t\t\t\t<\/div>\n\t\t","protected":false},"excerpt":{"rendered":"<p>Kompanija Recycling 3K DOO Kragujevac vr\u0161i otkup metalnog otpada iz doma\u0107instva, privrede i industrije. Otkup vr\u0161imo u na\u0161em otkupnom centru u Mar\u0161i\u0107u, Kormanski put 27 i dolaskom na adresu. Kod nas je u svakom trenutku najbolja cena bakra, aluminijuma, i gvo\u017e\u0111a. Posedujemo republi\u010dke dozvole za sakupljanje i transport, kao i za\u00a0skladi\u0161tenje i tretman neopasnog otpada\u00a0u [&hellip;]<\/p>\n","protected":false},"author":1,"featured_media":0,"parent":0,"menu_order":0,"comment_status":"closed","ping_status":"closed","template":"","meta":{"footnotes":""},"class_list":["post-52","page","type-page","status-publish","hentry"],"yoast_head":"<!-- This site is optimized with the Yoast SEO plugin v27.4 - https:\/\/yoast.com\/product\/yoast-seo-wordpress\/ -->\n<title>Metalni otpad koji sakupljamo - Recycling 3K DOO<\/title>\n<meta name=\"description\" content=\"Ne znate \u0161ta podrazumeva metalni otpad? Uve\u0107ajte va\u0161u zaradu pravilnim razvrstavanjem metalnog otpada iz doma\u0107instva ili poslovne delatnosti.\" \/>\n<meta name=\"robots\" content=\"index, follow, max-snippet:-1, max-image-preview:large, max-video-preview:-1\" \/>\n<link rel=\"canonical\" href=\"https:\/\/recycling3k.rs\/index.php\/metalni-otpad-koji-sakupljamo\/\" \/>\n<meta property=\"og:locale\" content=\"sr_RS\" \/>\n<meta property=\"og:type\" content=\"article\" \/>\n<meta property=\"og:title\" content=\"Metalni otpad koji sakupljamo - Recycling 3K DOO\" \/>\n<meta property=\"og:description\" content=\"Ne znate \u0161ta podrazumeva metalni otpad? Uve\u0107ajte va\u0161u zaradu pravilnim razvrstavanjem metalnog otpada iz doma\u0107instva ili poslovne delatnosti.\" \/>\n<meta property=\"og:url\" content=\"https:\/\/recycling3k.rs\/index.php\/metalni-otpad-koji-sakupljamo\/\" \/>\n<meta property=\"og:site_name\" content=\"Recycling 3K DOO\" \/>\n<meta property=\"article:publisher\" content=\"https:\/\/www.facebook.com\/recycling3k\" \/>\n<meta property=\"article:modified_time\" content=\"2025-04-09T07:55:07+00:00\" \/>\n<meta property=\"og:image\" content=\"https:\/\/recycling3k.rs\/wp-content\/uploads\/2022\/12\/metalni-otpad.png\" \/>\n<meta name=\"twitter:card\" content=\"summary_large_image\" \/>\n<meta name=\"twitter:label1\" content=\"\u041f\u0440\u043e\u0446\u0435\u045a\u0435\u043d\u043e \u0432\u0440\u0435\u043c\u0435 \u0447\u0438\u0442\u0430\u045a\u0430\" \/>\n\t<meta name=\"twitter:data1\" content=\"4 \u043c\u0438\u043d\u0443\u0442\u0430\" \/>\n<script type=\"application\/ld+json\" class=\"yoast-schema-graph\">{\"@context\":\"https:\\\/\\\/schema.org\",\"@graph\":[{\"@type\":\"WebPage\",\"@id\":\"https:\\\/\\\/recycling3k.rs\\\/index.php\\\/metalni-otpad-koji-sakupljamo\\\/\",\"url\":\"https:\\\/\\\/recycling3k.rs\\\/index.php\\\/metalni-otpad-koji-sakupljamo\\\/\",\"name\":\"Metalni otpad koji sakupljamo - Recycling 3K DOO\",\"isPartOf\":{\"@id\":\"https:\\\/\\\/recycling3k.rs\\\/#website\"},\"primaryImageOfPage\":{\"@id\":\"https:\\\/\\\/recycling3k.rs\\\/index.php\\\/metalni-otpad-koji-sakupljamo\\\/#primaryimage\"},\"image\":{\"@id\":\"https:\\\/\\\/recycling3k.rs\\\/index.php\\\/metalni-otpad-koji-sakupljamo\\\/#primaryimage\"},\"thumbnailUrl\":\"https:\\\/\\\/recycling3k.rs\\\/wp-content\\\/uploads\\\/2022\\\/12\\\/metalni-otpad.png\",\"datePublished\":\"2022-11-01T09:33:06+00:00\",\"dateModified\":\"2025-04-09T07:55:07+00:00\",\"description\":\"Ne znate \u0161ta podrazumeva metalni otpad? Uve\u0107ajte va\u0161u zaradu pravilnim razvrstavanjem metalnog otpada iz doma\u0107instva ili poslovne delatnosti.\",\"breadcrumb\":{\"@id\":\"https:\\\/\\\/recycling3k.rs\\\/index.php\\\/metalni-otpad-koji-sakupljamo\\\/#breadcrumb\"},\"inLanguage\":\"sr-RS\",\"potentialAction\":[{\"@type\":\"ReadAction\",\"target\":[\"https:\\\/\\\/recycling3k.rs\\\/index.php\\\/metalni-otpad-koji-sakupljamo\\\/\"]}]},{\"@type\":\"ImageObject\",\"inLanguage\":\"sr-RS\",\"@id\":\"https:\\\/\\\/recycling3k.rs\\\/index.php\\\/metalni-otpad-koji-sakupljamo\\\/#primaryimage\",\"url\":\"https:\\\/\\\/recycling3k.rs\\\/wp-content\\\/uploads\\\/2022\\\/12\\\/metalni-otpad.png\",\"contentUrl\":\"https:\\\/\\\/recycling3k.rs\\\/wp-content\\\/uploads\\\/2022\\\/12\\\/metalni-otpad.png\",\"width\":3264,\"height\":897,\"caption\":\"cena otpada\"},{\"@type\":\"BreadcrumbList\",\"@id\":\"https:\\\/\\\/recycling3k.rs\\\/index.php\\\/metalni-otpad-koji-sakupljamo\\\/#breadcrumb\",\"itemListElement\":[{\"@type\":\"ListItem\",\"position\":1,\"name\":\"Home\",\"item\":\"https:\\\/\\\/recycling3k.rs\\\/\"},{\"@type\":\"ListItem\",\"position\":2,\"name\":\"Metalni otpad koji sakupljamo\"}]},{\"@type\":\"WebSite\",\"@id\":\"https:\\\/\\\/recycling3k.rs\\\/#website\",\"url\":\"https:\\\/\\\/recycling3k.rs\\\/\",\"name\":\"Recycling 3K DOO\",\"description\":\"Otkup i prodaja metalnog otpada\",\"publisher\":{\"@id\":\"https:\\\/\\\/recycling3k.rs\\\/#organization\"},\"potentialAction\":[{\"@type\":\"SearchAction\",\"target\":{\"@type\":\"EntryPoint\",\"urlTemplate\":\"https:\\\/\\\/recycling3k.rs\\\/?s={search_term_string}\"},\"query-input\":{\"@type\":\"PropertyValueSpecification\",\"valueRequired\":true,\"valueName\":\"search_term_string\"}}],\"inLanguage\":\"sr-RS\"},{\"@type\":\"Organization\",\"@id\":\"https:\\\/\\\/recycling3k.rs\\\/#organization\",\"name\":\"Recycling 3K doo Kragujevac\",\"url\":\"https:\\\/\\\/recycling3k.rs\\\/\",\"logo\":{\"@type\":\"ImageObject\",\"inLanguage\":\"sr-RS\",\"@id\":\"https:\\\/\\\/recycling3k.rs\\\/#\\\/schema\\\/logo\\\/image\\\/\",\"url\":\"https:\\\/\\\/recycling3k.rs\\\/wp-content\\\/uploads\\\/2025\\\/04\\\/cropped-Recycling-3K-logo-otkup-metala.png\",\"contentUrl\":\"https:\\\/\\\/recycling3k.rs\\\/wp-content\\\/uploads\\\/2025\\\/04\\\/cropped-Recycling-3K-logo-otkup-metala.png\",\"width\":407,\"height\":249,\"caption\":\"Recycling 3K doo Kragujevac\"},\"image\":{\"@id\":\"https:\\\/\\\/recycling3k.rs\\\/#\\\/schema\\\/logo\\\/image\\\/\"},\"sameAs\":[\"https:\\\/\\\/www.facebook.com\\\/recycling3k\",\"https:\\\/\\\/www.instagram.com\\\/recycling3k\"]}]}<\/script>\n<!-- \/ Yoast SEO plugin. -->","yoast_head_json":{"title":"Metalni otpad koji sakupljamo - Recycling 3K DOO","description":"Ne znate \u0161ta podrazumeva metalni otpad? Uve\u0107ajte va\u0161u zaradu pravilnim razvrstavanjem metalnog otpada iz doma\u0107instva ili poslovne delatnosti.","robots":{"index":"index","follow":"follow","max-snippet":"max-snippet:-1","max-image-preview":"max-image-preview:large","max-video-preview":"max-video-preview:-1"},"canonical":"https:\/\/recycling3k.rs\/index.php\/metalni-otpad-koji-sakupljamo\/","og_locale":"sr_RS","og_type":"article","og_title":"Metalni otpad koji sakupljamo - Recycling 3K DOO","og_description":"Ne znate \u0161ta podrazumeva metalni otpad? Uve\u0107ajte va\u0161u zaradu pravilnim razvrstavanjem metalnog otpada iz doma\u0107instva ili poslovne delatnosti.","og_url":"https:\/\/recycling3k.rs\/index.php\/metalni-otpad-koji-sakupljamo\/","og_site_name":"Recycling 3K DOO","article_publisher":"https:\/\/www.facebook.com\/recycling3k","article_modified_time":"2025-04-09T07:55:07+00:00","og_image":[{"url":"https:\/\/recycling3k.rs\/wp-content\/uploads\/2022\/12\/metalni-otpad.png","type":"","width":"","height":""}],"twitter_card":"summary_large_image","twitter_misc":{"\u041f\u0440\u043e\u0446\u0435\u045a\u0435\u043d\u043e \u0432\u0440\u0435\u043c\u0435 \u0447\u0438\u0442\u0430\u045a\u0430":"4 \u043c\u0438\u043d\u0443\u0442\u0430"},"schema":{"@context":"https:\/\/schema.org","@graph":[{"@type":"WebPage","@id":"https:\/\/recycling3k.rs\/index.php\/metalni-otpad-koji-sakupljamo\/","url":"https:\/\/recycling3k.rs\/index.php\/metalni-otpad-koji-sakupljamo\/","name":"Metalni otpad koji sakupljamo - Recycling 3K DOO","isPartOf":{"@id":"https:\/\/recycling3k.rs\/#website"},"primaryImageOfPage":{"@id":"https:\/\/recycling3k.rs\/index.php\/metalni-otpad-koji-sakupljamo\/#primaryimage"},"image":{"@id":"https:\/\/recycling3k.rs\/index.php\/metalni-otpad-koji-sakupljamo\/#primaryimage"},"thumbnailUrl":"https:\/\/recycling3k.rs\/wp-content\/uploads\/2022\/12\/metalni-otpad.png","datePublished":"2022-11-01T09:33:06+00:00","dateModified":"2025-04-09T07:55:07+00:00","description":"Ne znate \u0161ta podrazumeva metalni otpad? Uve\u0107ajte va\u0161u zaradu pravilnim razvrstavanjem metalnog otpada iz doma\u0107instva ili poslovne delatnosti.","breadcrumb":{"@id":"https:\/\/recycling3k.rs\/index.php\/metalni-otpad-koji-sakupljamo\/#breadcrumb"},"inLanguage":"sr-RS","potentialAction":[{"@type":"ReadAction","target":["https:\/\/recycling3k.rs\/index.php\/metalni-otpad-koji-sakupljamo\/"]}]},{"@type":"ImageObject","inLanguage":"sr-RS","@id":"https:\/\/recycling3k.rs\/index.php\/metalni-otpad-koji-sakupljamo\/#primaryimage","url":"https:\/\/recycling3k.rs\/wp-content\/uploads\/2022\/12\/metalni-otpad.png","contentUrl":"https:\/\/recycling3k.rs\/wp-content\/uploads\/2022\/12\/metalni-otpad.png","width":3264,"height":897,"caption":"cena otpada"},{"@type":"BreadcrumbList","@id":"https:\/\/recycling3k.rs\/index.php\/metalni-otpad-koji-sakupljamo\/#breadcrumb","itemListElement":[{"@type":"ListItem","position":1,"name":"Home","item":"https:\/\/recycling3k.rs\/"},{"@type":"ListItem","position":2,"name":"Metalni otpad koji sakupljamo"}]},{"@type":"WebSite","@id":"https:\/\/recycling3k.rs\/#website","url":"https:\/\/recycling3k.rs\/","name":"Recycling 3K DOO","description":"Otkup i prodaja metalnog otpada","publisher":{"@id":"https:\/\/recycling3k.rs\/#organization"},"potentialAction":[{"@type":"SearchAction","target":{"@type":"EntryPoint","urlTemplate":"https:\/\/recycling3k.rs\/?s={search_term_string}"},"query-input":{"@type":"PropertyValueSpecification","valueRequired":true,"valueName":"search_term_string"}}],"inLanguage":"sr-RS"},{"@type":"Organization","@id":"https:\/\/recycling3k.rs\/#organization","name":"Recycling 3K doo Kragujevac","url":"https:\/\/recycling3k.rs\/","logo":{"@type":"ImageObject","inLanguage":"sr-RS","@id":"https:\/\/recycling3k.rs\/#\/schema\/logo\/image\/","url":"https:\/\/recycling3k.rs\/wp-content\/uploads\/2025\/04\/cropped-Recycling-3K-logo-otkup-metala.png","contentUrl":"https:\/\/recycling3k.rs\/wp-content\/uploads\/2025\/04\/cropped-Recycling-3K-logo-otkup-metala.png","width":407,"height":249,"caption":"Recycling 3K doo Kragujevac"},"image":{"@id":"https:\/\/recycling3k.rs\/#\/schema\/logo\/image\/"},"sameAs":["https:\/\/www.facebook.com\/recycling3k","https:\/\/www.instagram.com\/recycling3k"]}]}},"_links":{"self":[{"href":"https:\/\/recycling3k.rs\/index.php\/wp-json\/wp\/v2\/pages\/52","targetHints":{"allow":["GET"]}}],"collection":[{"href":"https:\/\/recycling3k.rs\/index.php\/wp-json\/wp\/v2\/pages"}],"about":[{"href":"https:\/\/recycling3k.rs\/index.php\/wp-json\/wp\/v2\/types\/page"}],"author":[{"embeddable":true,"href":"https:\/\/recycling3k.rs\/index.php\/wp-json\/wp\/v2\/users\/1"}],"replies":[{"embeddable":true,"href":"https:\/\/recycling3k.rs\/index.php\/wp-json\/wp\/v2\/comments?post=52"}],"version-history":[{"count":33,"href":"https:\/\/recycling3k.rs\/index.php\/wp-json\/wp\/v2\/pages\/52\/revisions"}],"predecessor-version":[{"id":496,"href":"https:\/\/recycling3k.rs\/index.php\/wp-json\/wp\/v2\/pages\/52\/revisions\/496"}],"wp:attachment":[{"href":"https:\/\/recycling3k.rs\/index.php\/wp-json\/wp\/v2\/media?parent=52"}],"curies":[{"name":"wp","href":"https:\/\/api.w.org\/{rel}","templated":true}]}}