{"id":56,"date":"2022-11-01T09:40:59","date_gmt":"2022-11-01T09:40:59","guid":{"rendered":"https:\/\/recycling3k.rs\/?page_id=56"},"modified":"2025-03-19T12:13:49","modified_gmt":"2025-03-19T12:13:49","slug":"pitanja-i-odgovori","status":"publish","type":"page","link":"https:\/\/recycling3k.rs\/index.php\/pitanja-i-odgovori\/","title":{"rendered":"Pitanja i Odgovori"},"content":{"rendered":"\t\t<div data-elementor-type=\"wp-page\" data-elementor-id=\"56\" class=\"elementor elementor-56\">\n\t\t\t\t\t\t<section class=\"elementor-section elementor-top-section elementor-element elementor-element-7dec3cb elementor-section-boxed elementor-section-height-default elementor-section-height-default\" data-id=\"7dec3cb\" data-element_type=\"section\" data-e-type=\"section\">\n\t\t\t\t\t\t<div class=\"elementor-container elementor-column-gap-default\">\n\t\t\t\t\t<div class=\"elementor-column elementor-col-100 elementor-top-column elementor-element elementor-element-4eafc4\" data-id=\"4eafc4\" data-element_type=\"column\" data-e-type=\"column\">\n\t\t\t<div class=\"elementor-widget-wrap elementor-element-populated\">\n\t\t\t\t\t\t<div class=\"elementor-element elementor-element-58dba49f elementor-widget elementor-widget-text-editor\" data-id=\"58dba49f\" data-element_type=\"widget\" data-e-type=\"widget\" data-widget_type=\"text-editor.default\">\n\t\t\t\t<div class=\"elementor-widget-container\">\n\t\t\t\t\t\t\t\t\t<p>Da li znate koju vrstu otpada posedujete i koliko vredi? Postoje mnoge nedoumice kada je u pitanju otkup sekundarnih sirovina a posebno otkup metalnog otpada. Va\u017eno je da budete informisani, zato smo priredili za Vas ovu stranicu na kojoj se nalaze naj\u010de\u0161\u0107a pitanja i odgovori. Ukoliko imate nekih dodatnih pitanja, pozovite nas na 0691396699 i dobi\u0107ete brz i precizan odgovor.<\/p>\n<p><!-- \/wp:paragraph --><!-- wp:image {\"id\":166,\"sizeSlug\":\"large\",\"linkDestination\":\"none\"} --><\/p>\n<figure><img decoding=\"async\" src=\"https:\/\/recycling3k.rs\/wp-content\/uploads\/2022\/12\/metalni-otpad-1024x281.png\" alt=\"metalni otpad koji otkupljuje Recycling 3k\"><\/figure>\n<p><!-- \/wp:image --><!-- wp:heading {\"level\":5} --><\/p>\n<h5>Da li otkupljujete elektronski otpad?<\/h5><h5><span style=\"color: rgb(7, 7, 7); font-family: Roboto, sans-serif; font-weight: 400; font-size: var(--bs-body-font-size); text-align: var(--bs-body-text-align);\">Ne vr\u0161imo otkup elektronskog otpada. Ure\u0111aji poput televizora, video rekordera, radio ure\u0111aja, ra\u010dunara i ra\u010dunarskih komponenti zahtevaju posebnu vrstu tretmana i na\u0161a firma ne vr\u0161i otkup elektronskog otpada.<\/span><\/h5><h5><span style=\"color: var(--theme-heading-color); font-size: 1.25rem; text-align: var(--bs-body-text-align);\">Da li vr\u0161ite otkup sekundarnih sirovina iz proizvodnje?<\/span><\/h5>\n<p><!-- \/wp:heading --><!-- wp:paragraph --><\/p>\n<p>Republika Srbija, u saradnji sa EU, je donela <a href=\"https:\/\/srda.rs\/wp-content\/uploads\/2022\/02\/Program-upravljanja-otpadom-u-Republici-Srbiji-za-period-2022-2031.-godine.pdf\">program upravljanja otpadom<\/a> kojim su sve firme koje svojom delatno\u0161\u0107u stvaraju metalni otpad du\u017ene da taj otpad uklone na ekolo\u0161ki prihvatljiv na\u010din. Mi omogu\u0107avamo privrednim subjektima da na bezbedan i finansijski isplativ na\u010din reguli\u0161u otpad koji nastaje iz obavljanja delatnosti.<\/p>\n<p><!-- \/wp:paragraph --><!-- wp:heading {\"level\":5} --><\/p>\n<h5>Da li posedujete odgovaraju\u0107e dozvole za otkup i sakupljanje sekundarnih sirovina u Kragujevcu?<\/h5>\n<p><!-- \/wp:heading --><!-- wp:paragraph --><\/p>\n<p>Kompanija Recycling 3K DOO Kragujevac poseduje dozvole za <a href=\"https:\/\/recycling3k.rs\/wp-content\/uploads\/2022\/11\/Dozvola-sakupljanje-i-transport-Recycling-3K.pdf\" target=\"_blank\" rel=\"noreferrer noopener\">sakupljanje i transport<\/a> kao i za <a href=\"https:\/\/recycling3k.rs\/wp-content\/uploads\/2022\/11\/Dozvola-za-skladistenje-i-tretman-Recycling-3K.pdf\" target=\"_blank\" rel=\"noreferrer noopener\">skladi\u0161tenje i tretman<\/a> neopasnog otpada izdate od strane Ministarstva za\u0161tite \u017eivotne sredine. Ovim dokumentima smo obezbedili pravo da nesmetano vr\u0161imo otkup sekundarnih sirovina u Kragujevcu ali i na teritoriji cele republike Srbije.<\/p>\n<p><!-- \/wp:paragraph --><!-- wp:heading {\"level\":5} --><\/p>\n<h5>Da li moram da razvrstam otpad pre nego \u0161to ga predam?<\/h5>\n<p><!-- \/wp:heading --><!-- wp:paragraph --><\/p>\n<p>Ne morate! Kada do\u0111ete kod nas, na\u0161 tim za prijem \u0107e sav metalni otpad koji donesete razvrstati po kategorijama. Na taj na\u010din Vam obezbe\u0111ujemo najbolju isplatu za metalni otpad koji donesete.<\/p>\n<p><!-- \/wp:paragraph --><!-- wp:heading {\"level\":5} --><\/p>\n<h5>Da li Recycling 3K vr\u0161i otkup isklju\u010divo metalnog otpada?<\/h5>\n<p><!-- \/wp:heading --><!-- wp:paragraph --><\/p>\n<p>Na\u0161a firma je fokusirana na otkup metalnog otpada ali poseduje dozvole koje omogu\u0107avaju da vr\u0161imo otkup sekundarnih sirovina koje nisu metali poput kartona, drveta i plastike. Za sva pitanja u vezi otkupa i cena sekundarnih sirovina Vam stojimo na raspolaganju.<\/p>\n<p><!-- \/wp:paragraph --><!-- wp:heading {\"level\":5} --><\/p>\n<h5>Da li vr\u0161ite otkup sekundarnih sirovina dolaskom na adresu?<\/h5>\n<p><!-- \/wp:heading --><!-- wp:paragraph --><\/p>\n<p>Da! Preduze\u0107e Recycling 3K DOO vr\u0161i otkup sekundarnih sirovina na poziv. Dolazimo na Va\u0161u adresu bilo gde na teritoriji grada Kragujevca a za ve\u0107e koli\u010dine i na teritoriji republike Srbije.<\/p>\n<p><!-- \/wp:paragraph --><!-- wp:paragraph --><\/p>\n<p><!-- \/wp:paragraph --><!-- wp:paragraph {\"textColor\":\"black\",\"fontSize\":\"small\"} --><\/p>\n<p>*Prikazana pitanja i odgovori su sastavljeni na osnovu na\u0161eg dosada\u0161njeg iskustva u poslu. Za sve dodatne informacije nas mo\u017eete <a href=\"https:\/\/recycling3k.rs\/index.php\/kontakt\/\">kontaktirati<\/a> putem telefona ili elektronske po\u0161te.<\/p>\n<p><!-- \/wp:paragraph --><\/p>\t\t\t\t\t\t\t\t<\/div>\n\t\t\t\t<\/div>\n\t\t\t\t\t<\/div>\n\t\t<\/div>\n\t\t\t\t\t<\/div>\n\t\t<\/section>\n\t\t\t\t<\/div>\n\t\t","protected":false},"excerpt":{"rendered":"<p>Da li znate koju vrstu otpada posedujete i koliko vredi? Postoje mnoge nedoumice kada je u pitanju otkup sekundarnih sirovina a posebno otkup metalnog otpada. Va\u017eno je da budete informisani, zato smo priredili za Vas ovu stranicu na kojoj se nalaze naj\u010de\u0161\u0107a pitanja i odgovori. Ukoliko imate nekih dodatnih pitanja, pozovite nas na 0691396699 i [&hellip;]<\/p>\n","protected":false},"author":1,"featured_media":0,"parent":0,"menu_order":0,"comment_status":"closed","ping_status":"closed","template":"","meta":{"footnotes":""},"class_list":["post-56","page","type-page","status-publish","hentry"],"yoast_head":"<!-- This site is optimized with the Yoast SEO plugin v27.4 - https:\/\/yoast.com\/product\/yoast-seo-wordpress\/ -->\n<title>Pitanja i Odgovori - Recycling 3K DOO<\/title>\n<meta name=\"description\" content=\"Ko pita ne skita! Na ovoj stranici se nalaze naj\u010de\u0161\u0107a pitanja i odgovori vezana za otkup metalnog otpada i drugih sekundarnih sirovina.\" \/>\n<meta name=\"robots\" content=\"index, follow, max-snippet:-1, max-image-preview:large, max-video-preview:-1\" \/>\n<link rel=\"canonical\" href=\"https:\/\/recycling3k.rs\/index.php\/pitanja-i-odgovori\/\" \/>\n<meta property=\"og:locale\" content=\"sr_RS\" \/>\n<meta property=\"og:type\" content=\"article\" \/>\n<meta property=\"og:title\" content=\"Pitanja i Odgovori - Recycling 3K DOO\" \/>\n<meta property=\"og:description\" content=\"Ko pita ne skita! Na ovoj stranici se nalaze naj\u010de\u0161\u0107a pitanja i odgovori vezana za otkup metalnog otpada i drugih sekundarnih sirovina.\" \/>\n<meta property=\"og:url\" content=\"https:\/\/recycling3k.rs\/index.php\/pitanja-i-odgovori\/\" \/>\n<meta property=\"og:site_name\" content=\"Recycling 3K DOO\" \/>\n<meta property=\"article:publisher\" content=\"https:\/\/www.facebook.com\/recycling3k\" \/>\n<meta property=\"article:modified_time\" content=\"2025-03-19T12:13:49+00:00\" \/>\n<meta property=\"og:image\" content=\"https:\/\/recycling3k.rs\/wp-content\/uploads\/2022\/12\/metalni-otpad-1024x281.png\" \/>\n<meta name=\"twitter:card\" content=\"summary_large_image\" \/>\n<meta name=\"twitter:label1\" content=\"\u041f\u0440\u043e\u0446\u0435\u045a\u0435\u043d\u043e \u0432\u0440\u0435\u043c\u0435 \u0447\u0438\u0442\u0430\u045a\u0430\" \/>\n\t<meta name=\"twitter:data1\" content=\"3 \u043c\u0438\u043d\u0443\u0442\u0430\" \/>\n<script type=\"application\/ld+json\" class=\"yoast-schema-graph\">{\"@context\":\"https:\\\/\\\/schema.org\",\"@graph\":[{\"@type\":\"WebPage\",\"@id\":\"https:\\\/\\\/recycling3k.rs\\\/index.php\\\/pitanja-i-odgovori\\\/\",\"url\":\"https:\\\/\\\/recycling3k.rs\\\/index.php\\\/pitanja-i-odgovori\\\/\",\"name\":\"Pitanja i Odgovori - Recycling 3K DOO\",\"isPartOf\":{\"@id\":\"https:\\\/\\\/recycling3k.rs\\\/#website\"},\"primaryImageOfPage\":{\"@id\":\"https:\\\/\\\/recycling3k.rs\\\/index.php\\\/pitanja-i-odgovori\\\/#primaryimage\"},\"image\":{\"@id\":\"https:\\\/\\\/recycling3k.rs\\\/index.php\\\/pitanja-i-odgovori\\\/#primaryimage\"},\"thumbnailUrl\":\"https:\\\/\\\/recycling3k.rs\\\/wp-content\\\/uploads\\\/2022\\\/12\\\/metalni-otpad-1024x281.png\",\"datePublished\":\"2022-11-01T09:40:59+00:00\",\"dateModified\":\"2025-03-19T12:13:49+00:00\",\"description\":\"Ko pita ne skita! Na ovoj stranici se nalaze naj\u010de\u0161\u0107a pitanja i odgovori vezana za otkup metalnog otpada i drugih sekundarnih sirovina.\",\"breadcrumb\":{\"@id\":\"https:\\\/\\\/recycling3k.rs\\\/index.php\\\/pitanja-i-odgovori\\\/#breadcrumb\"},\"inLanguage\":\"sr-RS\",\"potentialAction\":[{\"@type\":\"ReadAction\",\"target\":[\"https:\\\/\\\/recycling3k.rs\\\/index.php\\\/pitanja-i-odgovori\\\/\"]}]},{\"@type\":\"ImageObject\",\"inLanguage\":\"sr-RS\",\"@id\":\"https:\\\/\\\/recycling3k.rs\\\/index.php\\\/pitanja-i-odgovori\\\/#primaryimage\",\"url\":\"https:\\\/\\\/recycling3k.rs\\\/wp-content\\\/uploads\\\/2022\\\/12\\\/metalni-otpad.png\",\"contentUrl\":\"https:\\\/\\\/recycling3k.rs\\\/wp-content\\\/uploads\\\/2022\\\/12\\\/metalni-otpad.png\",\"width\":3264,\"height\":897,\"caption\":\"cena otpada\"},{\"@type\":\"BreadcrumbList\",\"@id\":\"https:\\\/\\\/recycling3k.rs\\\/index.php\\\/pitanja-i-odgovori\\\/#breadcrumb\",\"itemListElement\":[{\"@type\":\"ListItem\",\"position\":1,\"name\":\"Home\",\"item\":\"https:\\\/\\\/recycling3k.rs\\\/\"},{\"@type\":\"ListItem\",\"position\":2,\"name\":\"Pitanja i Odgovori\"}]},{\"@type\":\"WebSite\",\"@id\":\"https:\\\/\\\/recycling3k.rs\\\/#website\",\"url\":\"https:\\\/\\\/recycling3k.rs\\\/\",\"name\":\"Recycling 3K DOO\",\"description\":\"Otkup i prodaja metalnog otpada\",\"publisher\":{\"@id\":\"https:\\\/\\\/recycling3k.rs\\\/#organization\"},\"potentialAction\":[{\"@type\":\"SearchAction\",\"target\":{\"@type\":\"EntryPoint\",\"urlTemplate\":\"https:\\\/\\\/recycling3k.rs\\\/?s={search_term_string}\"},\"query-input\":{\"@type\":\"PropertyValueSpecification\",\"valueRequired\":true,\"valueName\":\"search_term_string\"}}],\"inLanguage\":\"sr-RS\"},{\"@type\":\"Organization\",\"@id\":\"https:\\\/\\\/recycling3k.rs\\\/#organization\",\"name\":\"Recycling 3K doo Kragujevac\",\"url\":\"https:\\\/\\\/recycling3k.rs\\\/\",\"logo\":{\"@type\":\"ImageObject\",\"inLanguage\":\"sr-RS\",\"@id\":\"https:\\\/\\\/recycling3k.rs\\\/#\\\/schema\\\/logo\\\/image\\\/\",\"url\":\"https:\\\/\\\/recycling3k.rs\\\/wp-content\\\/uploads\\\/2025\\\/04\\\/cropped-Recycling-3K-logo-otkup-metala.png\",\"contentUrl\":\"https:\\\/\\\/recycling3k.rs\\\/wp-content\\\/uploads\\\/2025\\\/04\\\/cropped-Recycling-3K-logo-otkup-metala.png\",\"width\":407,\"height\":249,\"caption\":\"Recycling 3K doo Kragujevac\"},\"image\":{\"@id\":\"https:\\\/\\\/recycling3k.rs\\\/#\\\/schema\\\/logo\\\/image\\\/\"},\"sameAs\":[\"https:\\\/\\\/www.facebook.com\\\/recycling3k\",\"https:\\\/\\\/www.instagram.com\\\/recycling3k\"]}]}<\/script>\n<!-- \/ Yoast SEO plugin. -->","yoast_head_json":{"title":"Pitanja i Odgovori - Recycling 3K DOO","description":"Ko pita ne skita! Na ovoj stranici se nalaze naj\u010de\u0161\u0107a pitanja i odgovori vezana za otkup metalnog otpada i drugih sekundarnih sirovina.","robots":{"index":"index","follow":"follow","max-snippet":"max-snippet:-1","max-image-preview":"max-image-preview:large","max-video-preview":"max-video-preview:-1"},"canonical":"https:\/\/recycling3k.rs\/index.php\/pitanja-i-odgovori\/","og_locale":"sr_RS","og_type":"article","og_title":"Pitanja i Odgovori - Recycling 3K DOO","og_description":"Ko pita ne skita! Na ovoj stranici se nalaze naj\u010de\u0161\u0107a pitanja i odgovori vezana za otkup metalnog otpada i drugih sekundarnih sirovina.","og_url":"https:\/\/recycling3k.rs\/index.php\/pitanja-i-odgovori\/","og_site_name":"Recycling 3K DOO","article_publisher":"https:\/\/www.facebook.com\/recycling3k","article_modified_time":"2025-03-19T12:13:49+00:00","og_image":[{"url":"https:\/\/recycling3k.rs\/wp-content\/uploads\/2022\/12\/metalni-otpad-1024x281.png","type":"","width":"","height":""}],"twitter_card":"summary_large_image","twitter_misc":{"\u041f\u0440\u043e\u0446\u0435\u045a\u0435\u043d\u043e \u0432\u0440\u0435\u043c\u0435 \u0447\u0438\u0442\u0430\u045a\u0430":"3 \u043c\u0438\u043d\u0443\u0442\u0430"},"schema":{"@context":"https:\/\/schema.org","@graph":[{"@type":"WebPage","@id":"https:\/\/recycling3k.rs\/index.php\/pitanja-i-odgovori\/","url":"https:\/\/recycling3k.rs\/index.php\/pitanja-i-odgovori\/","name":"Pitanja i Odgovori - Recycling 3K DOO","isPartOf":{"@id":"https:\/\/recycling3k.rs\/#website"},"primaryImageOfPage":{"@id":"https:\/\/recycling3k.rs\/index.php\/pitanja-i-odgovori\/#primaryimage"},"image":{"@id":"https:\/\/recycling3k.rs\/index.php\/pitanja-i-odgovori\/#primaryimage"},"thumbnailUrl":"https:\/\/recycling3k.rs\/wp-content\/uploads\/2022\/12\/metalni-otpad-1024x281.png","datePublished":"2022-11-01T09:40:59+00:00","dateModified":"2025-03-19T12:13:49+00:00","description":"Ko pita ne skita! Na ovoj stranici se nalaze naj\u010de\u0161\u0107a pitanja i odgovori vezana za otkup metalnog otpada i drugih sekundarnih sirovina.","breadcrumb":{"@id":"https:\/\/recycling3k.rs\/index.php\/pitanja-i-odgovori\/#breadcrumb"},"inLanguage":"sr-RS","potentialAction":[{"@type":"ReadAction","target":["https:\/\/recycling3k.rs\/index.php\/pitanja-i-odgovori\/"]}]},{"@type":"ImageObject","inLanguage":"sr-RS","@id":"https:\/\/recycling3k.rs\/index.php\/pitanja-i-odgovori\/#primaryimage","url":"https:\/\/recycling3k.rs\/wp-content\/uploads\/2022\/12\/metalni-otpad.png","contentUrl":"https:\/\/recycling3k.rs\/wp-content\/uploads\/2022\/12\/metalni-otpad.png","width":3264,"height":897,"caption":"cena otpada"},{"@type":"BreadcrumbList","@id":"https:\/\/recycling3k.rs\/index.php\/pitanja-i-odgovori\/#breadcrumb","itemListElement":[{"@type":"ListItem","position":1,"name":"Home","item":"https:\/\/recycling3k.rs\/"},{"@type":"ListItem","position":2,"name":"Pitanja i Odgovori"}]},{"@type":"WebSite","@id":"https:\/\/recycling3k.rs\/#website","url":"https:\/\/recycling3k.rs\/","name":"Recycling 3K DOO","description":"Otkup i prodaja metalnog otpada","publisher":{"@id":"https:\/\/recycling3k.rs\/#organization"},"potentialAction":[{"@type":"SearchAction","target":{"@type":"EntryPoint","urlTemplate":"https:\/\/recycling3k.rs\/?s={search_term_string}"},"query-input":{"@type":"PropertyValueSpecification","valueRequired":true,"valueName":"search_term_string"}}],"inLanguage":"sr-RS"},{"@type":"Organization","@id":"https:\/\/recycling3k.rs\/#organization","name":"Recycling 3K doo Kragujevac","url":"https:\/\/recycling3k.rs\/","logo":{"@type":"ImageObject","inLanguage":"sr-RS","@id":"https:\/\/recycling3k.rs\/#\/schema\/logo\/image\/","url":"https:\/\/recycling3k.rs\/wp-content\/uploads\/2025\/04\/cropped-Recycling-3K-logo-otkup-metala.png","contentUrl":"https:\/\/recycling3k.rs\/wp-content\/uploads\/2025\/04\/cropped-Recycling-3K-logo-otkup-metala.png","width":407,"height":249,"caption":"Recycling 3K doo Kragujevac"},"image":{"@id":"https:\/\/recycling3k.rs\/#\/schema\/logo\/image\/"},"sameAs":["https:\/\/www.facebook.com\/recycling3k","https:\/\/www.instagram.com\/recycling3k"]}]}},"_links":{"self":[{"href":"https:\/\/recycling3k.rs\/index.php\/wp-json\/wp\/v2\/pages\/56","targetHints":{"allow":["GET"]}}],"collection":[{"href":"https:\/\/recycling3k.rs\/index.php\/wp-json\/wp\/v2\/pages"}],"about":[{"href":"https:\/\/recycling3k.rs\/index.php\/wp-json\/wp\/v2\/types\/page"}],"author":[{"embeddable":true,"href":"https:\/\/recycling3k.rs\/index.php\/wp-json\/wp\/v2\/users\/1"}],"replies":[{"embeddable":true,"href":"https:\/\/recycling3k.rs\/index.php\/wp-json\/wp\/v2\/comments?post=56"}],"version-history":[{"count":22,"href":"https:\/\/recycling3k.rs\/index.php\/wp-json\/wp\/v2\/pages\/56\/revisions"}],"predecessor-version":[{"id":445,"href":"https:\/\/recycling3k.rs\/index.php\/wp-json\/wp\/v2\/pages\/56\/revisions\/445"}],"wp:attachment":[{"href":"https:\/\/recycling3k.rs\/index.php\/wp-json\/wp\/v2\/media?parent=56"}],"curies":[{"name":"wp","href":"https:\/\/api.w.org\/{rel}","templated":true}]}}