{"id":61,"date":"2022-11-02T10:47:14","date_gmt":"2022-11-02T10:47:14","guid":{"rendered":"https:\/\/recycling3k.rs\/?page_id=61"},"modified":"2025-04-08T07:11:42","modified_gmt":"2025-04-08T07:11:42","slug":"kontakt","status":"publish","type":"page","link":"https:\/\/recycling3k.rs\/index.php\/kontakt\/","title":{"rendered":"Kontakt"},"content":{"rendered":"\t\t<div data-elementor-type=\"wp-page\" data-elementor-id=\"61\" class=\"elementor elementor-61\">\n\t\t\t\t\t\t<section class=\"elementor-section elementor-top-section elementor-element elementor-element-78cc6520 elementor-section-boxed elementor-section-height-default elementor-section-height-default\" data-id=\"78cc6520\" data-element_type=\"section\" data-e-type=\"section\">\n\t\t\t\t\t\t<div class=\"elementor-container elementor-column-gap-default\">\n\t\t\t\t\t<div class=\"elementor-column elementor-col-100 elementor-top-column elementor-element elementor-element-716df2dc\" data-id=\"716df2dc\" data-element_type=\"column\" data-e-type=\"column\">\n\t\t\t<div class=\"elementor-widget-wrap elementor-element-populated\">\n\t\t\t\t\t\t<div class=\"elementor-element elementor-element-4bb215f6 elementor-widget elementor-widget-text-editor\" data-id=\"4bb215f6\" data-element_type=\"widget\" data-e-type=\"widget\" data-widget_type=\"text-editor.default\">\n\t\t\t\t<div class=\"elementor-widget-container\">\n\t\t\t\t\t\t\t\t\t<p>PIB: 109655477<br \/>MB: 21218324<br \/>Adresa: Kormanski put 27, 34203 Mar\u0161i\u0107, Kragujevac<br \/>Telefon: 0691396699<br \/>E-mail: recycling3k@gmail.com<br \/>Radno vreme: 08:00 do 16:00<\/p><p><iframe title=\"Recycling 3K\" src=\"https:\/\/maps.google.com\/maps?q=Recycling%203K&amp;t=m&amp;z=10&amp;output=embed&amp;iwloc=near\" frameborder=\"0\" marginwidth=\"0\" marginheight=\"0\" scrolling=\"no\" aria-label=\"Recycling 3K\"><\/iframe><br \/><strong><br \/><\/strong><\/p>\t\t\t\t\t\t\t\t<\/div>\n\t\t\t\t<\/div>\n\t\t\t\t\t<\/div>\n\t\t<\/div>\n\t\t\t\t\t<\/div>\n\t\t<\/section>\n\t\t\t\t<section class=\"elementor-section elementor-top-section elementor-element elementor-element-fbdd6ed elementor-section-boxed elementor-section-height-default elementor-section-height-default\" data-id=\"fbdd6ed\" data-element_type=\"section\" data-e-type=\"section\">\n\t\t\t\t\t\t<div class=\"elementor-container elementor-column-gap-default\">\n\t\t\t\t\t<div class=\"elementor-column elementor-col-100 elementor-top-column elementor-element elementor-element-9b1683f\" data-id=\"9b1683f\" data-element_type=\"column\" data-e-type=\"column\">\n\t\t\t<div class=\"elementor-widget-wrap elementor-element-populated\">\n\t\t\t\t\t\t<div class=\"elementor-element elementor-element-9f06888 elementor-align-center elementor-widget__width-initial elementor-widget elementor-widget-button\" data-id=\"9f06888\" data-element_type=\"widget\" data-e-type=\"widget\" data-widget_type=\"button.default\">\n\t\t\t\t<div class=\"elementor-widget-container\">\n\t\t\t\t\t\t\t\t\t<div class=\"elementor-button-wrapper\">\n\t\t\t\t\t<a class=\"elementor-button elementor-button-link elementor-size-sm\" href=\"https:\/\/recycling3k.rs\/wp-content\/uploads\/2022\/11\/Dozvola-sakupljanje-i-transport-Recycling-3K.pdf\" target=\"_blank\">\n\t\t\t\t\t\t<span class=\"elementor-button-content-wrapper\">\n\t\t\t\t\t\t\t\t\t<span class=\"elementor-button-text\">Dozvola za sakupljanje i transport neopasnog otpada<\/span>\n\t\t\t\t\t<\/span>\n\t\t\t\t\t<\/a>\n\t\t\t\t<\/div>\n\t\t\t\t\t\t\t\t<\/div>\n\t\t\t\t<\/div>\n\t\t\t\t<div class=\"elementor-element elementor-element-3c805a9 elementor-align-center elementor-widget__width-initial elementor-widget elementor-widget-button\" data-id=\"3c805a9\" data-element_type=\"widget\" data-e-type=\"widget\" data-widget_type=\"button.default\">\n\t\t\t\t<div class=\"elementor-widget-container\">\n\t\t\t\t\t\t\t\t\t<div class=\"elementor-button-wrapper\">\n\t\t\t\t\t<a class=\"elementor-button elementor-button-link elementor-size-sm\" href=\"https:\/\/recycling3k.rs\/wp-content\/uploads\/2025\/04\/Dozvola-za-sakupljanje-i-transport-opasnog-otpada-Recycling-3K.pdf\" target=\"_blank\">\n\t\t\t\t\t\t<span class=\"elementor-button-content-wrapper\">\n\t\t\t\t\t\t\t\t\t<span class=\"elementor-button-text\">Dozvola za sakupljanje i transport opasnog otpada<\/span>\n\t\t\t\t\t<\/span>\n\t\t\t\t\t<\/a>\n\t\t\t\t<\/div>\n\t\t\t\t\t\t\t\t<\/div>\n\t\t\t\t<\/div>\n\t\t\t\t<div class=\"elementor-element elementor-element-8d5a9c5 elementor-align-center elementor-widget__width-initial elementor-widget elementor-widget-button\" data-id=\"8d5a9c5\" data-element_type=\"widget\" data-e-type=\"widget\" data-widget_type=\"button.default\">\n\t\t\t\t<div class=\"elementor-widget-container\">\n\t\t\t\t\t\t\t\t\t<div class=\"elementor-button-wrapper\">\n\t\t\t\t\t<a class=\"elementor-button elementor-button-link elementor-size-sm\" href=\"https:\/\/recycling3k.rs\/wp-content\/uploads\/2025\/04\/Dozvola-za-skladistenje-i-tretman-neopasnog-otpada-XXIV-02-501-73-24.pdf\" target=\"_blank\">\n\t\t\t\t\t\t<span class=\"elementor-button-content-wrapper\">\n\t\t\t\t\t\t\t\t\t<span class=\"elementor-button-text\">Dozvola za skladi\u0161tenje i tretman neopasnog otpada<\/span>\n\t\t\t\t\t<\/span>\n\t\t\t\t\t<\/a>\n\t\t\t\t<\/div>\n\t\t\t\t\t\t\t\t<\/div>\n\t\t\t\t<\/div>\n\t\t\t\t\t<\/div>\n\t\t<\/div>\n\t\t\t\t\t<\/div>\n\t\t<\/section>\n\t\t\t\t<\/div>\n\t\t","protected":false},"excerpt":{"rendered":"<p>PIB: 109655477MB: 21218324Adresa: Kormanski put 27, 34203 Mar\u0161i\u0107, KragujevacTelefon: 0691396699E-mail: recycling3k@gmail.comRadno vreme: 08:00 do 16:00 Dozvola za sakupljanje i transport neopasnog otpada Dozvola za sakupljanje i transport opasnog otpada Dozvola za skladi\u0161tenje i tretman neopasnog otpada<\/p>\n","protected":false},"author":1,"featured_media":0,"parent":0,"menu_order":0,"comment_status":"closed","ping_status":"closed","template":"","meta":{"footnotes":""},"class_list":["post-61","page","type-page","status-publish","hentry"],"yoast_head":"<!-- This site is optimized with the Yoast SEO plugin v27.4 - https:\/\/yoast.com\/product\/yoast-seo-wordpress\/ -->\n<title>Kontakt - Recycling 3K DOO<\/title>\n<meta name=\"description\" content=\"Prodaja i otkup metala na teritoriji Kragujevca i cele Srbije. Pozovite Recycling 3K, va\u0161e re\u0161enje za recikla\u017eu metalnog otpada.\" \/>\n<meta name=\"robots\" content=\"index, follow, max-snippet:-1, max-image-preview:large, max-video-preview:-1\" \/>\n<link rel=\"canonical\" href=\"https:\/\/recycling3k.rs\/index.php\/kontakt\/\" \/>\n<meta property=\"og:locale\" content=\"sr_RS\" \/>\n<meta property=\"og:type\" content=\"article\" \/>\n<meta property=\"og:title\" content=\"Kontakt - Recycling 3K DOO\" \/>\n<meta property=\"og:description\" content=\"Prodaja i otkup metala na teritoriji Kragujevca i cele Srbije. Pozovite Recycling 3K, va\u0161e re\u0161enje za recikla\u017eu metalnog otpada.\" \/>\n<meta property=\"og:url\" content=\"https:\/\/recycling3k.rs\/index.php\/kontakt\/\" \/>\n<meta property=\"og:site_name\" content=\"Recycling 3K DOO\" \/>\n<meta property=\"article:publisher\" content=\"https:\/\/www.facebook.com\/recycling3k\" \/>\n<meta property=\"article:modified_time\" content=\"2025-04-08T07:11:42+00:00\" \/>\n<meta property=\"og:image\" content=\"https:\/\/recycling3k.rs\/wp-content\/uploads\/2022\/07\/LOGO-3K.jpg\" \/>\n\t<meta property=\"og:image:width\" content=\"504\" \/>\n\t<meta property=\"og:image:height\" content=\"369\" \/>\n\t<meta property=\"og:image:type\" content=\"image\/jpeg\" \/>\n<meta name=\"twitter:card\" content=\"summary_large_image\" \/>\n<meta name=\"twitter:label1\" content=\"\u041f\u0440\u043e\u0446\u0435\u045a\u0435\u043d\u043e \u0432\u0440\u0435\u043c\u0435 \u0447\u0438\u0442\u0430\u045a\u0430\" \/>\n\t<meta name=\"twitter:data1\" content=\"1 \u043c\u0438\u043d\u0443\u0442\" \/>\n<script type=\"application\/ld+json\" class=\"yoast-schema-graph\">{\"@context\":\"https:\\\/\\\/schema.org\",\"@graph\":[{\"@type\":\"WebPage\",\"@id\":\"https:\\\/\\\/recycling3k.rs\\\/index.php\\\/kontakt\\\/\",\"url\":\"https:\\\/\\\/recycling3k.rs\\\/index.php\\\/kontakt\\\/\",\"name\":\"Kontakt - Recycling 3K DOO\",\"isPartOf\":{\"@id\":\"https:\\\/\\\/recycling3k.rs\\\/#website\"},\"datePublished\":\"2022-11-02T10:47:14+00:00\",\"dateModified\":\"2025-04-08T07:11:42+00:00\",\"description\":\"Prodaja i otkup metala na teritoriji Kragujevca i cele Srbije. Pozovite Recycling 3K, va\u0161e re\u0161enje za recikla\u017eu metalnog otpada.\",\"breadcrumb\":{\"@id\":\"https:\\\/\\\/recycling3k.rs\\\/index.php\\\/kontakt\\\/#breadcrumb\"},\"inLanguage\":\"sr-RS\",\"potentialAction\":[{\"@type\":\"ReadAction\",\"target\":[\"https:\\\/\\\/recycling3k.rs\\\/index.php\\\/kontakt\\\/\"]}]},{\"@type\":\"BreadcrumbList\",\"@id\":\"https:\\\/\\\/recycling3k.rs\\\/index.php\\\/kontakt\\\/#breadcrumb\",\"itemListElement\":[{\"@type\":\"ListItem\",\"position\":1,\"name\":\"Home\",\"item\":\"https:\\\/\\\/recycling3k.rs\\\/\"},{\"@type\":\"ListItem\",\"position\":2,\"name\":\"Kontakt\"}]},{\"@type\":\"WebSite\",\"@id\":\"https:\\\/\\\/recycling3k.rs\\\/#website\",\"url\":\"https:\\\/\\\/recycling3k.rs\\\/\",\"name\":\"Recycling 3K DOO\",\"description\":\"Otkup i prodaja metalnog otpada\",\"publisher\":{\"@id\":\"https:\\\/\\\/recycling3k.rs\\\/#organization\"},\"potentialAction\":[{\"@type\":\"SearchAction\",\"target\":{\"@type\":\"EntryPoint\",\"urlTemplate\":\"https:\\\/\\\/recycling3k.rs\\\/?s={search_term_string}\"},\"query-input\":{\"@type\":\"PropertyValueSpecification\",\"valueRequired\":true,\"valueName\":\"search_term_string\"}}],\"inLanguage\":\"sr-RS\"},{\"@type\":\"Organization\",\"@id\":\"https:\\\/\\\/recycling3k.rs\\\/#organization\",\"name\":\"Recycling 3K doo Kragujevac\",\"url\":\"https:\\\/\\\/recycling3k.rs\\\/\",\"logo\":{\"@type\":\"ImageObject\",\"inLanguage\":\"sr-RS\",\"@id\":\"https:\\\/\\\/recycling3k.rs\\\/#\\\/schema\\\/logo\\\/image\\\/\",\"url\":\"https:\\\/\\\/recycling3k.rs\\\/wp-content\\\/uploads\\\/2025\\\/04\\\/cropped-Recycling-3K-logo-otkup-metala.png\",\"contentUrl\":\"https:\\\/\\\/recycling3k.rs\\\/wp-content\\\/uploads\\\/2025\\\/04\\\/cropped-Recycling-3K-logo-otkup-metala.png\",\"width\":407,\"height\":249,\"caption\":\"Recycling 3K doo Kragujevac\"},\"image\":{\"@id\":\"https:\\\/\\\/recycling3k.rs\\\/#\\\/schema\\\/logo\\\/image\\\/\"},\"sameAs\":[\"https:\\\/\\\/www.facebook.com\\\/recycling3k\",\"https:\\\/\\\/www.instagram.com\\\/recycling3k\"]}]}<\/script>\n<!-- \/ Yoast SEO plugin. -->","yoast_head_json":{"title":"Kontakt - Recycling 3K DOO","description":"Prodaja i otkup metala na teritoriji Kragujevca i cele Srbije. Pozovite Recycling 3K, va\u0161e re\u0161enje za recikla\u017eu metalnog otpada.","robots":{"index":"index","follow":"follow","max-snippet":"max-snippet:-1","max-image-preview":"max-image-preview:large","max-video-preview":"max-video-preview:-1"},"canonical":"https:\/\/recycling3k.rs\/index.php\/kontakt\/","og_locale":"sr_RS","og_type":"article","og_title":"Kontakt - Recycling 3K DOO","og_description":"Prodaja i otkup metala na teritoriji Kragujevca i cele Srbije. Pozovite Recycling 3K, va\u0161e re\u0161enje za recikla\u017eu metalnog otpada.","og_url":"https:\/\/recycling3k.rs\/index.php\/kontakt\/","og_site_name":"Recycling 3K DOO","article_publisher":"https:\/\/www.facebook.com\/recycling3k","article_modified_time":"2025-04-08T07:11:42+00:00","og_image":[{"width":504,"height":369,"url":"https:\/\/recycling3k.rs\/wp-content\/uploads\/2022\/07\/LOGO-3K.jpg","type":"image\/jpeg"}],"twitter_card":"summary_large_image","twitter_misc":{"\u041f\u0440\u043e\u0446\u0435\u045a\u0435\u043d\u043e \u0432\u0440\u0435\u043c\u0435 \u0447\u0438\u0442\u0430\u045a\u0430":"1 \u043c\u0438\u043d\u0443\u0442"},"schema":{"@context":"https:\/\/schema.org","@graph":[{"@type":"WebPage","@id":"https:\/\/recycling3k.rs\/index.php\/kontakt\/","url":"https:\/\/recycling3k.rs\/index.php\/kontakt\/","name":"Kontakt - Recycling 3K DOO","isPartOf":{"@id":"https:\/\/recycling3k.rs\/#website"},"datePublished":"2022-11-02T10:47:14+00:00","dateModified":"2025-04-08T07:11:42+00:00","description":"Prodaja i otkup metala na teritoriji Kragujevca i cele Srbije. Pozovite Recycling 3K, va\u0161e re\u0161enje za recikla\u017eu metalnog otpada.","breadcrumb":{"@id":"https:\/\/recycling3k.rs\/index.php\/kontakt\/#breadcrumb"},"inLanguage":"sr-RS","potentialAction":[{"@type":"ReadAction","target":["https:\/\/recycling3k.rs\/index.php\/kontakt\/"]}]},{"@type":"BreadcrumbList","@id":"https:\/\/recycling3k.rs\/index.php\/kontakt\/#breadcrumb","itemListElement":[{"@type":"ListItem","position":1,"name":"Home","item":"https:\/\/recycling3k.rs\/"},{"@type":"ListItem","position":2,"name":"Kontakt"}]},{"@type":"WebSite","@id":"https:\/\/recycling3k.rs\/#website","url":"https:\/\/recycling3k.rs\/","name":"Recycling 3K DOO","description":"Otkup i prodaja metalnog otpada","publisher":{"@id":"https:\/\/recycling3k.rs\/#organization"},"potentialAction":[{"@type":"SearchAction","target":{"@type":"EntryPoint","urlTemplate":"https:\/\/recycling3k.rs\/?s={search_term_string}"},"query-input":{"@type":"PropertyValueSpecification","valueRequired":true,"valueName":"search_term_string"}}],"inLanguage":"sr-RS"},{"@type":"Organization","@id":"https:\/\/recycling3k.rs\/#organization","name":"Recycling 3K doo Kragujevac","url":"https:\/\/recycling3k.rs\/","logo":{"@type":"ImageObject","inLanguage":"sr-RS","@id":"https:\/\/recycling3k.rs\/#\/schema\/logo\/image\/","url":"https:\/\/recycling3k.rs\/wp-content\/uploads\/2025\/04\/cropped-Recycling-3K-logo-otkup-metala.png","contentUrl":"https:\/\/recycling3k.rs\/wp-content\/uploads\/2025\/04\/cropped-Recycling-3K-logo-otkup-metala.png","width":407,"height":249,"caption":"Recycling 3K doo Kragujevac"},"image":{"@id":"https:\/\/recycling3k.rs\/#\/schema\/logo\/image\/"},"sameAs":["https:\/\/www.facebook.com\/recycling3k","https:\/\/www.instagram.com\/recycling3k"]}]}},"_links":{"self":[{"href":"https:\/\/recycling3k.rs\/index.php\/wp-json\/wp\/v2\/pages\/61","targetHints":{"allow":["GET"]}}],"collection":[{"href":"https:\/\/recycling3k.rs\/index.php\/wp-json\/wp\/v2\/pages"}],"about":[{"href":"https:\/\/recycling3k.rs\/index.php\/wp-json\/wp\/v2\/types\/page"}],"author":[{"embeddable":true,"href":"https:\/\/recycling3k.rs\/index.php\/wp-json\/wp\/v2\/users\/1"}],"replies":[{"embeddable":true,"href":"https:\/\/recycling3k.rs\/index.php\/wp-json\/wp\/v2\/comments?post=61"}],"version-history":[{"count":78,"href":"https:\/\/recycling3k.rs\/index.php\/wp-json\/wp\/v2\/pages\/61\/revisions"}],"predecessor-version":[{"id":487,"href":"https:\/\/recycling3k.rs\/index.php\/wp-json\/wp\/v2\/pages\/61\/revisions\/487"}],"wp:attachment":[{"href":"https:\/\/recycling3k.rs\/index.php\/wp-json\/wp\/v2\/media?parent=61"}],"curies":[{"name":"wp","href":"https:\/\/api.w.org\/{rel}","templated":true}]}}