{"id":8,"date":"2022-04-18T21:30:41","date_gmt":"2022-04-18T21:30:41","guid":{"rendered":"https:\/\/recycling3k.rs\/?page_id=8"},"modified":"2026-04-11T09:24:20","modified_gmt":"2026-04-11T09:24:20","slug":"otkup-metala-kragujevac","status":"publish","type":"page","link":"https:\/\/recycling3k.rs\/","title":{"rendered":"Recycling 3K otkup metala u Kragujevcu"},"content":{"rendered":"\n<p class=\"has-text-align-left\">Dobro do\u0161li na zvani\u010dnu internet prezentaciju kompanije Recycling 3K DOO Kragujevac. Time \u0161to vr\u0161imo otkup metala poput bakra, aluminijuma, mesinga, bronze, gvo\u017e\u0111a i drugih metala mi umanjujemo potrebu za rudarenjem i \u010duvamo prirodu od zaga\u0111enja. Na\u0161a misija je da smanjimo eksploataciju resursa planete Zemlje tako \u0161to vra\u0107amo metalni otpad u ponovnu upotrebu. Na\u0161a kompanija vr\u0161i otkup, tretman i skladi\u0161tenje metalnog otpada i njegovu dalju distribuciju korisnicima u metalnoj industriji.<\/p>\n\n\n\n<p><\/p>\n<!-- \/wp:post-content -->\n\n<!-- wp:paragraph -->\n<p><!-- wp:image {\"id\":166,\"sizeSlug\":\"large\",\"linkDestination\":\"none\"} --><\/p>\n<!-- \/wp:image -->\n\n<!-- wp:html -->\n<figure>\n<\/figure>\n<!-- \/wp:html -->\n\n<!-- wp:image {\"id\":166,\"align\":\"center\"} -->\n<figure class=\"wp-block-image aligncenter\"><img fetchpriority=\"high\" decoding=\"async\" width=\"1024\" height=\"281\" src=\"https:\/\/recycling3k.rs\/wp-content\/uploads\/2022\/12\/metalni-otpad-1024x281.png\" alt=\"Otkup metala\" class=\"wp-image-166\" srcset=\"https:\/\/recycling3k.rs\/wp-content\/uploads\/2022\/12\/metalni-otpad-1024x281.png 1024w, https:\/\/recycling3k.rs\/wp-content\/uploads\/2022\/12\/metalni-otpad-300x82.png 300w, https:\/\/recycling3k.rs\/wp-content\/uploads\/2022\/12\/metalni-otpad-768x211.png 768w, https:\/\/recycling3k.rs\/wp-content\/uploads\/2022\/12\/metalni-otpad-1536x422.png 1536w, https:\/\/recycling3k.rs\/wp-content\/uploads\/2022\/12\/metalni-otpad-2048x563.png 2048w\" sizes=\"(max-width: 1024px) 100vw, 1024px\" \/><figcaption class=\"wp-element-caption\">Metalni otpad koji sakupljamo<\/figcaption><\/figure>\n<!-- \/wp:image -->\n\n<!-- wp:paragraph -->\n<p><\/p>\n<!-- \/wp:paragraph -->\n\n<!-- wp:paragraph -->\n<p><!-- \/wp:paragraph --><\/p>\n<!-- \/wp:paragraph -->\n\n<!-- wp:paragraph -->\n<p><!-- wp:paragraph --><\/p>\n<!-- \/wp:paragraph -->\n\n<!-- wp:paragraph -->\n<p>Kompanija Recycling 3K DOO Kragujevac vr\u0161i otkup, tretman i skladi\u0161tenje otpada koji se na listi <a href=\"https:\/\/www.ekologija.gov.rs\/dozvole-obrasci\/upravljanje-otpadom\" target=\"_blank\" rel=\"noreferrer noopener\">Ministarstva za\u0161tite \u017eivotne sredine<\/a> svodi pod NEOPASAN OTPAD. Sav otpad iz doma\u0107instva kao i komercijalni otpad koji je nastao kroz poslovanje privrednih subjekata, javnih institucija, zdravstvenih ili sportskih ustanova mo\u017eete predati kod nas. Na\u0161a kompanija poseduje sve dozvole na otkup, transport i skladi\u0161tenje neopasnog otpada. Na\u0161 otkupni centar u Mar\u0161i\u0107u funkcioni\u0161e po najvi\u0161im standardima i u skladu sa propisima Ministarstva za za\u0161titu \u017eivotne sredine. Kod nas vas uvek o\u010dekuje najbolja cena bakra, aluminijuma, gvo\u017e\u0111a i drugog metalnog otpada.<\/p>\n<!-- \/wp:paragraph -->\n\n<!-- wp:paragraph -->\n<p><!-- \/wp:paragraph --><\/p>\n<!-- \/wp:paragraph -->\n\n<!-- wp:paragraph -->\n<p><!-- wp:heading {\"level\":4} --><\/p>\n<!-- \/wp:heading -->\n\n<!-- wp:heading {\"level\":4} -->\n<h4 class=\"wp-block-heading\">Otkup metala u na\u0161em otkupnom centru u Mar\u0161i\u0107u<\/h4>\n<!-- \/wp:heading -->\n\n<!-- wp:paragraph -->\n<p><!-- \/wp:paragraph --><\/p>\n<!-- \/wp:paragraph -->\n\n<!-- wp:paragraph -->\n<p><!-- wp:paragraph --><\/p>\n<!-- \/wp:paragraph -->\n\n<!-- wp:paragraph -->\n<p>Na\u0161a kompanija vr\u0161i prijem i otkup metalnog otpada of fizi\u010dkih i pravnih lica u otkupnom centru u Mar\u0161i\u0107u. Nalazimo se na adresi Kormanski put 27 a mo\u017eete nas na\u0107i i putem <a href=\"https:\/\/www.google.com\/maps\/place\/Recycling+3K\/@44.032898,20.959383,10z\/data=!4m5!3m4!1s0x0:0x72107da895476f24!8m2!3d44.0328977!4d20.959383?hl=en-US\" target=\"_blank\" rel=\"noreferrer noopener\">Google maps<\/a> aplikacije. Posedujemo veliku kolsku vagu kao i male vage za otkup manjih koli\u010dina metalnog otpada. Otkup vr\u0161imo svakog radnog dana od 8 do 16 \u010dasova. Za sva fizi\u010dka i pravna lica koja svoj otpad donesu do 15 \u010dasova pla\u0107anje se vr\u0161i istog dana, a za prijem nakon 15 \u010dasova pla\u0107anje se vr\u0161i narednog dana. Za predaju metalnog otpada u na\u0161em otkupnom centru u Kragujevcu nije potrebna najava dolaska. Ne postoji ograni\u010denje u koli\u010dini otpada koju mo\u017eete da predate kod nas. Tako\u0111e, za ve\u0107e koli\u010dine je mogu\u0107a i korekcija cene.<\/p>\n<!-- \/wp:paragraph -->\n\n<!-- wp:paragraph -->\n<p><!-- \/wp:paragraph --><\/p>\n<!-- \/wp:paragraph -->\n\n<!-- wp:paragraph -->\n<p><!-- wp:heading {\"level\":4} --><\/p>\n<!-- \/wp:heading -->\n\n<!-- wp:heading {\"level\":4} -->\n<h4 class=\"wp-block-heading\">Otkup metala na poziv i dolazak na adresu na teritoriji cele Srbije<\/h4>\n<!-- \/wp:heading -->\n\n<!-- wp:paragraph -->\n<p><!-- \/wp:paragraph --><\/p>\n<!-- \/wp:paragraph -->\n\n<!-- wp:paragraph -->\n<p><!-- wp:paragraph --><\/p>\n<!-- \/wp:paragraph -->\n\n<!-- wp:paragraph -->\n<p>Kompanija Recycling 3K DOO vr\u0161i otkup metalnog otpada na poziv. Svi koji zaka\u017eu preuzimanje otpada do 11 \u010dasova, mogu da o\u010dekuju preuzimanje istog dana, nakon 12 \u010dasova. Slobodno nas <a href=\"https:\/\/recycling3k.rs\/index.php\/kontakt\/\">kontaktirajte<\/a> ukoliko nemate mogu\u0107nosti da li\u010dno predate Va\u0161 metalni otpad kod nas. Pozivom na 0691396699 mo\u017eete ugovoriti na\u0161 dolazak na Va\u0161u adresu ili pitati kolika je cena bakra ili nekog drugog metalnog otpada. Na\u0161a kompanija poseduje teretna vozila razli\u010ditih kapaciteta za metalni otpad svake vrste. Vr\u0161imo otkup svega, od sitnog metalnog otpada iz doma\u0107instva do automobilskih \u0161koljki i krupnijeg metalnog otpada i \u0161karta iz industrijske proizvodnje. Vr\u0161imo otkup sekundarnih sirovina u Kragujevcu kao i na teritoriji cele Republike Srbije na\u0161im vozilima.<\/p>\n<!-- \/wp:paragraph -->\n\n<!-- wp:paragraph -->\n<p><!-- \/wp:paragraph --><\/p>\n<!-- \/wp:paragraph -->","protected":false},"excerpt":{"rendered":"<p>Dobro do\u0161li na zvani\u010dnu internet prezentaciju kompanije Recycling 3K DOO Kragujevac. Time \u0161to vr\u0161imo otkup metala poput bakra, aluminijuma, mesinga, bronze, gvo\u017e\u0111a i drugih metala mi umanjujemo potrebu za rudarenjem i \u010duvamo prirodu od zaga\u0111enja. Na\u0161a misija je da smanjimo eksploataciju resursa planete Zemlje tako \u0161to vra\u0107amo metalni otpad u ponovnu upotrebu. Na\u0161a kompanija vr\u0161i [&hellip;]<\/p>\n","protected":false},"author":1,"featured_media":0,"parent":0,"menu_order":0,"comment_status":"closed","ping_status":"closed","template":"","meta":{"footnotes":""},"class_list":["post-8","page","type-page","status-publish","hentry"],"yoast_head":"<!-- This site is optimized with the Yoast SEO plugin v27.4 - https:\/\/yoast.com\/product\/yoast-seo-wordpress\/ -->\n<title>Recycling 3K otkup metala u Kragujevcu - Recycling 3K DOO<\/title>\n<meta name=\"description\" content=\"Vr\u0161imo otkup metala i prodaju metalnog otpada. Otkup sekundarnih sirovina u Kragujevcu i na teritoriji Srbije. Dolazak na adresu po pozivu!\" \/>\n<meta name=\"robots\" content=\"index, follow, max-snippet:-1, max-image-preview:large, max-video-preview:-1\" \/>\n<link rel=\"canonical\" href=\"https:\/\/recycling3k.rs\/\" \/>\n<meta property=\"og:locale\" content=\"sr_RS\" \/>\n<meta property=\"og:type\" content=\"article\" \/>\n<meta property=\"og:title\" content=\"Recycling 3K otkup metala u Kragujevcu - Recycling 3K DOO\" \/>\n<meta property=\"og:description\" content=\"Vr\u0161imo otkup metala i prodaju metalnog otpada. Otkup sekundarnih sirovina u Kragujevcu i na teritoriji Srbije. Dolazak na adresu po pozivu!\" \/>\n<meta property=\"og:url\" content=\"https:\/\/recycling3k.rs\/\" \/>\n<meta property=\"og:site_name\" content=\"Recycling 3K DOO\" \/>\n<meta property=\"article:publisher\" content=\"https:\/\/www.facebook.com\/recycling3k\" \/>\n<meta property=\"article:modified_time\" content=\"2026-04-11T09:24:20+00:00\" \/>\n<meta property=\"og:image\" content=\"https:\/\/recycling3k.rs\/wp-content\/uploads\/2022\/12\/metalni-otpad-1024x281.png\" \/>\n\t<meta property=\"og:image:width\" content=\"1024\" \/>\n\t<meta property=\"og:image:height\" content=\"281\" \/>\n\t<meta property=\"og:image:type\" content=\"image\/png\" \/>\n<meta name=\"twitter:card\" content=\"summary_large_image\" \/>\n<meta name=\"twitter:label1\" content=\"\u041f\u0440\u043e\u0446\u0435\u045a\u0435\u043d\u043e \u0432\u0440\u0435\u043c\u0435 \u0447\u0438\u0442\u0430\u045a\u0430\" \/>\n\t<meta name=\"twitter:data1\" content=\"3 \u043c\u0438\u043d\u0443\u0442\u0430\" \/>\n<script type=\"application\/ld+json\" class=\"yoast-schema-graph\">{\"@context\":\"https:\\\/\\\/schema.org\",\"@graph\":[{\"@type\":[\"WebPage\",\"SearchResultsPage\"],\"@id\":\"https:\\\/\\\/recycling3k.rs\\\/\",\"url\":\"https:\\\/\\\/recycling3k.rs\\\/\",\"name\":\"Recycling 3K otkup metala u Kragujevcu - Recycling 3K DOO\",\"isPartOf\":{\"@id\":\"https:\\\/\\\/recycling3k.rs\\\/#website\"},\"primaryImageOfPage\":{\"@id\":\"https:\\\/\\\/recycling3k.rs\\\/#primaryimage\"},\"image\":{\"@id\":\"https:\\\/\\\/recycling3k.rs\\\/#primaryimage\"},\"thumbnailUrl\":\"https:\\\/\\\/recycling3k.rs\\\/wp-content\\\/uploads\\\/2022\\\/12\\\/metalni-otpad-1024x281.png\",\"datePublished\":\"2022-04-18T21:30:41+00:00\",\"dateModified\":\"2026-04-11T09:24:20+00:00\",\"description\":\"Vr\u0161imo otkup metala i prodaju metalnog otpada. Otkup sekundarnih sirovina u Kragujevcu i na teritoriji Srbije. Dolazak na adresu po pozivu!\",\"breadcrumb\":{\"@id\":\"https:\\\/\\\/recycling3k.rs\\\/#breadcrumb\"},\"inLanguage\":\"sr-RS\",\"potentialAction\":[{\"@type\":\"ReadAction\",\"target\":[\"https:\\\/\\\/recycling3k.rs\\\/\"]}]},{\"@type\":\"ImageObject\",\"inLanguage\":\"sr-RS\",\"@id\":\"https:\\\/\\\/recycling3k.rs\\\/#primaryimage\",\"url\":\"https:\\\/\\\/recycling3k.rs\\\/wp-content\\\/uploads\\\/2022\\\/12\\\/metalni-otpad.png\",\"contentUrl\":\"https:\\\/\\\/recycling3k.rs\\\/wp-content\\\/uploads\\\/2022\\\/12\\\/metalni-otpad.png\",\"width\":3264,\"height\":897,\"caption\":\"cena otpada\"},{\"@type\":\"BreadcrumbList\",\"@id\":\"https:\\\/\\\/recycling3k.rs\\\/#breadcrumb\",\"itemListElement\":[{\"@type\":\"ListItem\",\"position\":1,\"name\":\"Home\",\"item\":\"https:\\\/\\\/recycling3k.rs\\\/\"},{\"@type\":\"ListItem\",\"position\":2,\"name\":\"Recycling 3K otkup metala u Kragujevcu\"}]},{\"@type\":\"WebSite\",\"@id\":\"https:\\\/\\\/recycling3k.rs\\\/#website\",\"url\":\"https:\\\/\\\/recycling3k.rs\\\/\",\"name\":\"Recycling 3K DOO\",\"description\":\"Otkup i prodaja metalnog otpada\",\"publisher\":{\"@id\":\"https:\\\/\\\/recycling3k.rs\\\/#organization\"},\"potentialAction\":[{\"@type\":\"SearchAction\",\"target\":{\"@type\":\"EntryPoint\",\"urlTemplate\":\"https:\\\/\\\/recycling3k.rs\\\/?s={search_term_string}\"},\"query-input\":{\"@type\":\"PropertyValueSpecification\",\"valueRequired\":true,\"valueName\":\"search_term_string\"}}],\"inLanguage\":\"sr-RS\"},{\"@type\":\"Organization\",\"@id\":\"https:\\\/\\\/recycling3k.rs\\\/#organization\",\"name\":\"Recycling 3K doo Kragujevac\",\"url\":\"https:\\\/\\\/recycling3k.rs\\\/\",\"logo\":{\"@type\":\"ImageObject\",\"inLanguage\":\"sr-RS\",\"@id\":\"https:\\\/\\\/recycling3k.rs\\\/#\\\/schema\\\/logo\\\/image\\\/\",\"url\":\"https:\\\/\\\/recycling3k.rs\\\/wp-content\\\/uploads\\\/2025\\\/04\\\/cropped-Recycling-3K-logo-otkup-metala.png\",\"contentUrl\":\"https:\\\/\\\/recycling3k.rs\\\/wp-content\\\/uploads\\\/2025\\\/04\\\/cropped-Recycling-3K-logo-otkup-metala.png\",\"width\":407,\"height\":249,\"caption\":\"Recycling 3K doo Kragujevac\"},\"image\":{\"@id\":\"https:\\\/\\\/recycling3k.rs\\\/#\\\/schema\\\/logo\\\/image\\\/\"},\"sameAs\":[\"https:\\\/\\\/www.facebook.com\\\/recycling3k\",\"https:\\\/\\\/www.instagram.com\\\/recycling3k\"]}]}<\/script>\n<!-- \/ Yoast SEO plugin. -->","yoast_head_json":{"title":"Recycling 3K otkup metala u Kragujevcu - Recycling 3K DOO","description":"Vr\u0161imo otkup metala i prodaju metalnog otpada. Otkup sekundarnih sirovina u Kragujevcu i na teritoriji Srbije. Dolazak na adresu po pozivu!","robots":{"index":"index","follow":"follow","max-snippet":"max-snippet:-1","max-image-preview":"max-image-preview:large","max-video-preview":"max-video-preview:-1"},"canonical":"https:\/\/recycling3k.rs\/","og_locale":"sr_RS","og_type":"article","og_title":"Recycling 3K otkup metala u Kragujevcu - Recycling 3K DOO","og_description":"Vr\u0161imo otkup metala i prodaju metalnog otpada. Otkup sekundarnih sirovina u Kragujevcu i na teritoriji Srbije. Dolazak na adresu po pozivu!","og_url":"https:\/\/recycling3k.rs\/","og_site_name":"Recycling 3K DOO","article_publisher":"https:\/\/www.facebook.com\/recycling3k","article_modified_time":"2026-04-11T09:24:20+00:00","og_image":[{"width":1024,"height":281,"url":"https:\/\/recycling3k.rs\/wp-content\/uploads\/2022\/12\/metalni-otpad-1024x281.png","type":"image\/png"}],"twitter_card":"summary_large_image","twitter_misc":{"\u041f\u0440\u043e\u0446\u0435\u045a\u0435\u043d\u043e \u0432\u0440\u0435\u043c\u0435 \u0447\u0438\u0442\u0430\u045a\u0430":"3 \u043c\u0438\u043d\u0443\u0442\u0430"},"schema":{"@context":"https:\/\/schema.org","@graph":[{"@type":["WebPage","SearchResultsPage"],"@id":"https:\/\/recycling3k.rs\/","url":"https:\/\/recycling3k.rs\/","name":"Recycling 3K otkup metala u Kragujevcu - Recycling 3K DOO","isPartOf":{"@id":"https:\/\/recycling3k.rs\/#website"},"primaryImageOfPage":{"@id":"https:\/\/recycling3k.rs\/#primaryimage"},"image":{"@id":"https:\/\/recycling3k.rs\/#primaryimage"},"thumbnailUrl":"https:\/\/recycling3k.rs\/wp-content\/uploads\/2022\/12\/metalni-otpad-1024x281.png","datePublished":"2022-04-18T21:30:41+00:00","dateModified":"2026-04-11T09:24:20+00:00","description":"Vr\u0161imo otkup metala i prodaju metalnog otpada. Otkup sekundarnih sirovina u Kragujevcu i na teritoriji Srbije. Dolazak na adresu po pozivu!","breadcrumb":{"@id":"https:\/\/recycling3k.rs\/#breadcrumb"},"inLanguage":"sr-RS","potentialAction":[{"@type":"ReadAction","target":["https:\/\/recycling3k.rs\/"]}]},{"@type":"ImageObject","inLanguage":"sr-RS","@id":"https:\/\/recycling3k.rs\/#primaryimage","url":"https:\/\/recycling3k.rs\/wp-content\/uploads\/2022\/12\/metalni-otpad.png","contentUrl":"https:\/\/recycling3k.rs\/wp-content\/uploads\/2022\/12\/metalni-otpad.png","width":3264,"height":897,"caption":"cena otpada"},{"@type":"BreadcrumbList","@id":"https:\/\/recycling3k.rs\/#breadcrumb","itemListElement":[{"@type":"ListItem","position":1,"name":"Home","item":"https:\/\/recycling3k.rs\/"},{"@type":"ListItem","position":2,"name":"Recycling 3K otkup metala u Kragujevcu"}]},{"@type":"WebSite","@id":"https:\/\/recycling3k.rs\/#website","url":"https:\/\/recycling3k.rs\/","name":"Recycling 3K DOO","description":"Otkup i prodaja metalnog otpada","publisher":{"@id":"https:\/\/recycling3k.rs\/#organization"},"potentialAction":[{"@type":"SearchAction","target":{"@type":"EntryPoint","urlTemplate":"https:\/\/recycling3k.rs\/?s={search_term_string}"},"query-input":{"@type":"PropertyValueSpecification","valueRequired":true,"valueName":"search_term_string"}}],"inLanguage":"sr-RS"},{"@type":"Organization","@id":"https:\/\/recycling3k.rs\/#organization","name":"Recycling 3K doo Kragujevac","url":"https:\/\/recycling3k.rs\/","logo":{"@type":"ImageObject","inLanguage":"sr-RS","@id":"https:\/\/recycling3k.rs\/#\/schema\/logo\/image\/","url":"https:\/\/recycling3k.rs\/wp-content\/uploads\/2025\/04\/cropped-Recycling-3K-logo-otkup-metala.png","contentUrl":"https:\/\/recycling3k.rs\/wp-content\/uploads\/2025\/04\/cropped-Recycling-3K-logo-otkup-metala.png","width":407,"height":249,"caption":"Recycling 3K doo Kragujevac"},"image":{"@id":"https:\/\/recycling3k.rs\/#\/schema\/logo\/image\/"},"sameAs":["https:\/\/www.facebook.com\/recycling3k","https:\/\/www.instagram.com\/recycling3k"]}]}},"_links":{"self":[{"href":"https:\/\/recycling3k.rs\/index.php\/wp-json\/wp\/v2\/pages\/8","targetHints":{"allow":["GET"]}}],"collection":[{"href":"https:\/\/recycling3k.rs\/index.php\/wp-json\/wp\/v2\/pages"}],"about":[{"href":"https:\/\/recycling3k.rs\/index.php\/wp-json\/wp\/v2\/types\/page"}],"author":[{"embeddable":true,"href":"https:\/\/recycling3k.rs\/index.php\/wp-json\/wp\/v2\/users\/1"}],"replies":[{"embeddable":true,"href":"https:\/\/recycling3k.rs\/index.php\/wp-json\/wp\/v2\/comments?post=8"}],"version-history":[{"count":56,"href":"https:\/\/recycling3k.rs\/index.php\/wp-json\/wp\/v2\/pages\/8\/revisions"}],"predecessor-version":[{"id":619,"href":"https:\/\/recycling3k.rs\/index.php\/wp-json\/wp\/v2\/pages\/8\/revisions\/619"}],"wp:attachment":[{"href":"https:\/\/recycling3k.rs\/index.php\/wp-json\/wp\/v2\/media?parent=8"}],"curies":[{"name":"wp","href":"https:\/\/api.w.org\/{rel}","templated":true}]}}